{"id":3465,"date":"2025-07-23T19:56:01","date_gmt":"2025-07-23T18:56:01","guid":{"rendered":"https:\/\/otwartyplan.org\/?page_id=3465"},"modified":"2025-07-23T19:56:01","modified_gmt":"2025-07-23T18:56:01","slug":"magdalena-pastuszak","status":"publish","type":"page","link":"https:\/\/otwartyplan.org\/en\/magdalena-pastuszak\/","title":{"rendered":"Magdalena Pastuszak"},"content":{"rendered":"<p>Edukatorka i animatorka ekologiczna, szczeg\u00f3lnie w tematyce mobilno\u015bci rowerowej, sprawiedliwego handlu i szeroko rozumianej tematyki ochrony \u015brodowiska, od 2016 roku. wsp\u00f3\u0142pracuje z Fundacj\u0105 Otwarty Plan. Od 2025 roku koordynatorka komponentu edukacyjnego w projekcie Rebooting the Food System.<\/p>","protected":false},"excerpt":{"rendered":"<p>Edukatorka i animatorka ekologiczna, szczeg\u00f3lnie w tematyce mobilno\u015bci rowerowej, sprawiedliwego handlu i szeroko rozumianej tematyki ochrony \u015brodowiska, od 2016 roku. wsp\u00f3\u0142pracuje z Fundacj\u0105 Otwarty Plan. Od 2025 roku koordynatorka komponentu edukacyjnego w projekcie Rebooting the Food System.<\/p>","protected":false},"author":1,"featured_media":0,"parent":0,"menu_order":0,"comment_status":"closed","ping_status":"closed","template":"","meta":{"footnotes":""},"class_list":["post-3465","page","type-page","status-publish","hentry"],"_links":{"self":[{"href":"https:\/\/otwartyplan.org\/en\/wp-json\/wp\/v2\/pages\/3465","targetHints":{"allow":["GET"]}}],"collection":[{"href":"https:\/\/otwartyplan.org\/en\/wp-json\/wp\/v2\/pages"}],"about":[{"href":"https:\/\/otwartyplan.org\/en\/wp-json\/wp\/v2\/types\/page"}],"author":[{"embeddable":true,"href":"https:\/\/otwartyplan.org\/en\/wp-json\/wp\/v2\/users\/1"}],"replies":[{"embeddable":true,"href":"https:\/\/otwartyplan.org\/en\/wp-json\/wp\/v2\/comments?post=3465"}],"version-history":[{"count":1,"href":"https:\/\/otwartyplan.org\/en\/wp-json\/wp\/v2\/pages\/3465\/revisions"}],"predecessor-version":[{"id":3466,"href":"https:\/\/otwartyplan.org\/en\/wp-json\/wp\/v2\/pages\/3465\/revisions\/3466"}],"wp:attachment":[{"href":"https:\/\/otwartyplan.org\/en\/wp-json\/wp\/v2\/media?parent=3465"}],"curies":[{"name":"wp","href":"https:\/\/api.w.org\/{rel}","templated":true}]}}