{"id":3311,"date":"2024-06-04T11:24:10","date_gmt":"2024-06-04T10:24:10","guid":{"rendered":"https:\/\/otwartyplan.org\/?page_id=3311"},"modified":"2024-06-04T11:24:10","modified_gmt":"2024-06-04T10:24:10","slug":"memory-garden-interdyscyplinarna-rezydencja","status":"publish","type":"page","link":"https:\/\/otwartyplan.org\/en\/memory-garden-interdyscyplinarna-rezydencja\/","title":{"rendered":"MEMORY GARDEN &#8211; interdyscyplinarna rezydencja"},"content":{"rendered":"<p>Z wielk\u0105 rado\u015bci\u0105 zapraszamy Was do wzi\u0119cia udzia\u0142u w unikalnym projekcie, kt\u00f3ry \u0142\u0105czy zagadnienia pami\u0119ci z natur\u0105 i krytyczn\u0105 refleksj\u0105 \u2013 Memory Garden.<\/p>\n\n\n\n<p><strong>Memory Garden: Po\u0142\u0105czenie Wspomnie\u0144 i Natury<\/strong>&nbsp;<\/p>\n\n\n\n<p>Memory Garden s\u0142u\u017cy jako kana\u0142 \u0142\u0105cz\u0105cy nasze pierwsze wspomnienia splecione z natur\u0105 i klimatem. Jest to przestrze\u0144, gdzie mo\u017cemy zada\u0107 sobie pytanie, w jaki spos\u00f3b nasze indywidualne do\u015bwiadczenia ukszta\u0142towa\u0142y nasze spojrzenie na kryzys klimatyczny, a je\u015bli tak, to w jakim stopniu. To punkt wyj\u015bcia do pog\u0142\u0119bionej refleksji nad nasz\u0105 przynale\u017cno\u015bci\u0105 do natury i zastanowienie si\u0119, czy ta introspekcja mo\u017ce s\u0142u\u017cy\u0107 jako pouczaj\u0105cy paradygmat dla innych.<\/p>\n\n\n\n<p><strong>Memory Garden: Przestrze\u0144 Krytycznej Dyskusji<\/strong>&nbsp;<\/p>\n\n\n\n<p>Memory Garden to r\u00f3wnie\u017c przestrze\u0144, w kt\u00f3rej poprzez interdyscyplinarn\u0105 prac\u0119 badaczy\/badaczek\/os\u00f3b badawczych oraz artyst\u00f3w\/artystek\/os\u00f3b artystycznych, zainicjowana zostanie krytyczna dyskusja nad narracjami (post)kolonialnymi w Polsce. Jest to kluczowa granica dla rozwoju \u015bwiadomo\u015bci spo\u0142ecznej i dzia\u0142a\u0144. Dialog wok\u00f3\u0142 przesz\u0142ych historycznej odpowiedzialno\u015bci Polski jest w du\u017cej mierze nieobecny zar\u00f3wno w opinii publicznej, jak i w ekologicznych organizacjach pozarz\u0105dowych. Bior\u0105c to pod uwag\u0119, pilne jest zainicjowanie krytycznego dyskursu na ten temat w Polsce.<\/p>\n\n\n\n<p><strong>Dlaczego warto wzi\u0105\u0107 udzia\u0142?<\/strong><\/p>\n\n\n\n<ul class=\"wp-block-list\">\n<li><strong>Refleksja i Edukacja<\/strong>: Memory Garden jest przestrzeni\u0105 do refleksji nad naszym miejscem w naturze i historii, a tak\u017ce do nauki i poszerzania \u015bwiadomo\u015bci spo\u0142ecznej.<\/li>\n\n\n\n<li><strong>Kreatywno\u015b\u0107 i Sztuka<\/strong>: Udzia\u0142 w projekcie pozwala na zaanga\u017cowanie si\u0119 w tw\u00f3rcze dzia\u0142ania artystyczne, kt\u00f3re promuj\u0105 krytyczne my\u015blenie i dyskusj\u0119.<\/li>\n\n\n\n<li><strong>Spo\u0142eczno\u015b\u0107 i Dialog<\/strong>: Spotkania w Memory Garden to okazja do wymiany my\u015bli i do\u015bwiadcze\u0144 z innymi oraz budowania wsp\u00f3lnoty\u00a0<\/li>\n<\/ul>\n\n\n\n<p><strong>Kogo szukamy?<\/strong><\/p>\n\n\n\n<p>Artyst\u00f3w\/artystki\/osoby artystyczne oraz badawczy\/badaczki\/osoby badawcze, kt\u00f3re chc\u0105 dzia\u0142a\u0107 na rzecz wzmocnienia krytycznego dyskursu klimatycznego w Polsce.\u00a0 Os\u00f3b, kt\u00f3re chc\u0105 dzia\u0142a\u0107 wsp\u00f3lnotowo i nie boj\u0105 si\u0119 wyzwa\u0144 \ud83d\ude09\u00a0<\/p>\n\n\n\n<p>Kluczowym elementem naszego projektu jest utworzenie zespo\u0142u badacz-artysta, badaczka-artystka, osoba badawcza-osoba artystyczna, kt\u00f3ry b\u0119dzie wsp\u00f3lnie realizowa\u0142 projekt maj\u0105cy na celu pog\u0142\u0119bienie tematyki kryzysu klimatycznego i zako\u0144czenie go dzie\u0142em artystycznym.<\/p>\n\n\n\n<p><strong>Plan Memory Garden:&nbsp;<\/strong><\/p>\n\n\n\n<ol class=\"wp-block-list\">\n<li>Pierwsze spotkanie Memory Garden: Budowanie wsp\u00f3lnoty<\/li>\n<\/ol>\n\n\n\n<p>        Termin: 8-11 sierpnia 2024, D\u0105browa G\u00f3rnicza<\/p>\n\n\n\n<ol class=\"wp-block-list\" start=\"2\">\n<li>Mentoring i praca zdalna zespo\u0142\u00f3w\u00a0<\/li>\n<\/ol>\n\n\n\n<p>        Termin: wrzesie\u0144 2024, praca online<\/p>\n\n\n\n<ol class=\"wp-block-list\" start=\"3\">\n<li>Drugie spotkanie Memory Garden: rezydencja oraz wystawa<\/li>\n<\/ol>\n\n\n\n<p>      Termin: pa\u017adziernik 2024, Sk\u0142ad Solny, ul. Na Zje\u017adzie 8, Krak\u00f3w<\/p>\n\n\n\n<p>Udzia\u0142 w projekcie oznacza zaanga\u017cowanie si\u0119 w stworzenie dzie\u0142a w interdyscyplinarnym, dwuosobowym zespole, w okresie sierpie\u0144-pa\u017adziernik 2024.<\/p>\n\n\n\n<p>W ramach projektu pokryte zostan\u0105 koszty uczestnictwa (koszty podr\u00f3\u017cy, nocleg\u00f3w, wy\u017cywienia, materia\u0142\u00f3w).<\/p>\n\n\n\n<p><strong>Nasz zesp\u00f3\u0142:<\/strong><\/p>\n\n\n\n<p>Magdalena Klarenbach (KLARA)- socjolo\u017cka, pracowniczka ekologicznych organizacji pozarz\u0105dowych i badaczka kryzysu klimatycznego. Jej zainteresowania badawcze zwi\u0105zane s\u0105 z ruchem m\u0142odzie\u017cowym, kryzysem klimatycznym, edukacj\u0105 eksperymentaln\u0105 i transformacj\u0105 spo\u0142eczn\u0105. Za\u0142o\u017cycielka i cz\u0142onkini zarz\u0105du Fundacji Otwarty Plan. W 2024 roku laureatka programu stypendialnego <a href=\"https:\/\/humanityinaction.org\/democracyfellowship\/\" rel=\"nofollow noopener\" target=\"_blank\">Humanity in Action.<\/a> W 2022 roku cz\u0142onkini zespo\u0142u kuratorskiego projektu <a href=\"https:\/\/otwartyplan.org\/en\/klimatyczne-karawany\/#:~:text=Karawany%20klimatyczne%20s%C4%85%20realizowane%20przez,lub%20po%C5%9Brednio%2C%20przez%20zmiany%20klimatu.\">Klimatyczne Karawany- sztuka w dobie kryzysu klimatycznego<\/a><\/p>\n\n\n\n<p>Mateusz Gawrysiak &#8211; .artysta zajmuj\u0105cy si\u0119 g\u0142\u00f3wnie sztuk\u0105 wizualn\u0105. Koncentruje si\u0119 na interakcjach mi\u0119dzyludzkich i klimacie. Jego praktyka artystyczna opiera si\u0119 na wykszta\u0142ceniu akademickim w dziedzinie informatyki i do\u015bwiadczeniu jako instruktor w m\u0142odzie\u017cowej organizacji pozarz\u0105dowej (Zwi\u0105zek Harcerstwa Polskiego). Pragnie tworzy\u0107 pozytywne zmiany na \u015bwiecie poprzez syntez\u0119 r\u00f3\u017cnych cz\u0119\u015bci swojego do\u015bwiadczenia<\/p>\n\n\n\n<p><strong>Jak mo\u017cna si\u0119 zaanga\u017cowa\u0107?<\/strong>&nbsp;<\/p>\n\n\n\n<p>Aby do\u0142\u0105czy\u0107 do Memory Garden, zapraszamy do wype\u0142nienia <a href=\"https:\/\/forms.gle\/AUjnpymwwU9xH53h7\" rel=\"nofollow noopener\" target=\"_blank\">formularza zg\u0142oszeniowego&nbsp;<\/a><\/p>\n\n\n\n<p>Ch\u0119tnie odpowiemy na wszelkie pytania i pomo\u017cemy w wyborze odpowiednich ro\u015blin oraz dzie\u0142 sztuki do projektu. Razem stw\u00f3rzmy przestrze\u0144, gdzie wspomnienia i natura spotykaj\u0105 si\u0119 z krytycznym my\u015bleniem i sztuk\u0105. Memory Garden czeka na Wasze historie, zaanga\u017cowanie i refleksj\u0119.<\/p>\n\n\n\n<p><strong>Kontakt:&nbsp;<\/strong><\/p>\n\n\n\n<p>Email: klara@otwartyplan.org<\/p>\n\n\n\n<p>Phone: +48 608422208<\/p>","protected":false},"excerpt":{"rendered":"<p>Z wielk\u0105 rado\u015bci\u0105 zapraszamy Was do wzi\u0119cia udzia\u0142u w unikalnym projekcie, kt\u00f3ry \u0142\u0105czy zagadnienia pami\u0119ci z natur\u0105 i krytyczn\u0105 refleksj\u0105 \u2013 Memory Garden. Memory Garden: Po\u0142\u0105czenie Wspomnie\u0144 i Natury&nbsp; Memory Garden s\u0142u\u017cy jako kana\u0142 \u0142\u0105cz\u0105cy nasze pierwsze wspomnienia splecione z [&hellip;]<\/p>\n","protected":false},"author":4,"featured_media":0,"parent":0,"menu_order":0,"comment_status":"closed","ping_status":"closed","template":"memory.php","meta":{"footnotes":""},"class_list":["post-3311","page","type-page","status-publish","hentry"],"_links":{"self":[{"href":"https:\/\/otwartyplan.org\/en\/wp-json\/wp\/v2\/pages\/3311","targetHints":{"allow":["GET"]}}],"collection":[{"href":"https:\/\/otwartyplan.org\/en\/wp-json\/wp\/v2\/pages"}],"about":[{"href":"https:\/\/otwartyplan.org\/en\/wp-json\/wp\/v2\/types\/page"}],"author":[{"embeddable":true,"href":"https:\/\/otwartyplan.org\/en\/wp-json\/wp\/v2\/users\/4"}],"replies":[{"embeddable":true,"href":"https:\/\/otwartyplan.org\/en\/wp-json\/wp\/v2\/comments?post=3311"}],"version-history":[{"count":1,"href":"https:\/\/otwartyplan.org\/en\/wp-json\/wp\/v2\/pages\/3311\/revisions"}],"predecessor-version":[{"id":3312,"href":"https:\/\/otwartyplan.org\/en\/wp-json\/wp\/v2\/pages\/3311\/revisions\/3312"}],"wp:attachment":[{"href":"https:\/\/otwartyplan.org\/en\/wp-json\/wp\/v2\/media?parent=3311"}],"curies":[{"name":"wp","href":"https:\/\/api.w.org\/{rel}","templated":true}]}}