{"id":33,"date":"2014-04-23T19:14:28","date_gmt":"2014-04-23T19:14:28","guid":{"rendered":"http:\/\/otwartyplan.org\/?page_id=33"},"modified":"2016-10-06T15:51:14","modified_gmt":"2016-10-06T15:51:14","slug":"zespol","status":"publish","type":"page","link":"https:\/\/otwartyplan.org\/en\/zespol\/","title":{"rendered":"Team"},"content":{"rendered":"<p><strong><img loading=\"lazy\" decoding=\"async\" class=\"alignleft wp-image-47 size-thumbnail\" src=\"http:\/\/otwartyplan.org\/wp-content\/uploads\/2014\/04\/gosia-malochleb-150x150.jpg\" alt=\"gosia-malochleb\" width=\"150\" height=\"150\" srcset=\"https:\/\/otwartyplan.org\/wp-content\/uploads\/2014\/04\/gosia-malochleb-150x150.jpg 150w, https:\/\/otwartyplan.org\/wp-content\/uploads\/2014\/04\/gosia-malochleb.jpg 160w\" sizes=\"auto, (max-width: 150px) 100vw, 150px\" \/>Ma\u0142gorzata Ma\u0142ochleb<\/strong> &#8211; Od po\u0142owy lat 90. zaanga\u017cowna w dzia\u0142ania na rzecz ochrony \u015brodowiska. Specjalizuje si\u0119 w bezpo\u015bredniej edukacji ekologicznej, szczeg\u00f3lnie w zakresie gospodarki odpadami i promocji roweru, jako \u015brodka transportu w mie\u015bcie. Wsp\u00f3\u0142pracowa\u0142a mi\u0119dzy innymi z Fundacj\u0105 Wspierania Inicjatyw Ekologicznych, Forum Opakowa\u0144 Szklanych, Instytutem Ekonomii \u015arodowiska i CEE Bankwatch Network. Od roku 2008 zwi\u0105zana ze Zwi\u0105zkiem Stowarzysze\u0144 Polska Zielona Sie\u0107. Koordynatorka merytoryczna i finansowa og\u00f3lnopolskiego projektu <a href=\"http:\/\/ekonsument.pl\/s33_3r_academy.html\" rel=\"nofollow noopener\" target=\"_blank\">&#8220;Akademia 3R&#8221;<\/a> w ramach kampanii &#8220;Kupuj odpowiedzialnie. Na co dzie\u0144 przemierza rodzinny Krak\u00f3w na rowerze. Dalekie podr\u00f3\u017ce s\u0105 pasj\u0105 jej \u017cycia. Uwielbia odkrywa\u0107 i fotografowa\u0107 niesamowite zak\u0105tki \u015bwiata. Od 2010 roku koordynuje projekty edukacji rowerowej w Polskiej Zielonej Sieci. Najpierw projekt &#8220;Jed\u017a rowerem&#8221;, a nast\u0119pnie &#8220;Rower &#8211; nowa kultura mobilno\u015bci. Edukacja ekologiczna i promocja zr\u00f3wnowa\u017conego transportu w Ma\u0142opolsce&#8221;. W 2013 roku koordynatorka projekt\u00f3w <a href=\"http:\/\/kmr.org.pl\/dialogcykliczny\/\" rel=\"nofollow noopener\" target=\"_blank\">&#8220;Krakowski Dialog Cykliczny&#8221;<\/a> w stowarzyszeniu Krak\u00f3w Miastem Rower\u00f3w oraz &#8220;Czyste powietrze dla Krakowa&#8221; w Polskiej Zielonej Sieci&#8230;<\/p>\n<p><strong><a href=\"http:\/\/otwartyplan.org\/wp-content\/uploads\/2014\/05\/Emilia.jpg\"><img loading=\"lazy\" decoding=\"async\" class=\"alignleft size-full wp-image-95\" src=\"http:\/\/otwartyplan.org\/wp-content\/uploads\/2014\/05\/Emilia.jpg\" alt=\"Emilia \u015alimko\" width=\"150\" height=\"150\" \/><\/a>Emilia \u015alimko<\/strong> \u2013 Od 2008 roku zaanga\u017cowana w dzia\u0142ania organizacji pozarz\u0105dowych zwi\u0105zanych z edukacj\u0105 ekologiczn\u0105 oraz wsp\u00f3\u0142prac\u0105 rozwojow\u0105. Wieloletnia wsp\u00f3\u0142pracowniczka Polskiej Zielonej Sieci, w kt\u00f3rej prowadzi kampanie WY\u017bYWI\u0106 \u015aWIAT na rzecz suwerenno\u015bci \u017cywno\u015bciowej oraz KLIMAT DLA ROLNIK\u00d3W o zr\u00f3wnowa\u017conym rolnictwie. Zafascynowana ide\u0105 zr\u00f3wnowa\u017conego rozwoju od czas\u00f3w studenckich.\u00a0 Maksym\u0119 \u201emy\u015bl globalnie \u2013 dzia\u0142aj lokalnie\u201d stosuje w praktyce \u2013 anga\u017cuje si\u0119 w mi\u0119dzynarodowe kampanie, jednocze\u015bnie promuj\u0105c lokalne rozwi\u0105zania problem\u00f3w globalnych. Prowadzi wyk\u0142ady, warsztaty, spotkania z rolnikami i studentami. W wolnych chwilach \u017cegluje, w\u0119druje po g\u00f3rach i maluje. Absolwentka Mi\u0119dzywydzia\u0142owych Indywidualnych Studi\u00f3w Humanistycznych UJ.<\/p>\n<p><strong><a href=\"http:\/\/otwartyplan.org\/wp-content\/uploads\/2014\/05\/Klara_01.jpg\"><img loading=\"lazy\" decoding=\"async\" class=\"alignleft size-full wp-image-107\" src=\"http:\/\/otwartyplan.org\/wp-content\/uploads\/2014\/05\/Klara_01.jpg\" alt=\"Klara_01\" width=\"150\" height=\"150\" \/><\/a>Magdalena Klarenbach\u00a0<\/strong>&#8211; Od lat wsp\u00f3\u0142pracuje z krakowskimi organizacjami pozarz\u0105dowym, w tym Polsk\u0105 Akcj\u0105 Humanitarn\u0105, Polsk\u0105 Zielon\u0105 Sieci\u0105 i Fundacj\u0105 ZNAK. Absolwentka socjologii UJ, zainteresowana edukacj\u0105 globaln\u0105, odpowiedzialn\u0105 konsumpcj\u0105 oraz ekonomi\u0105 spo\u0142eczn\u0105. Uwa\u017ca, \u017ce miasto mo\u017ce by\u0107 przestrzeni\u0105 przyjazn\u0105 dla mieszka\u0144c\u00f3w, szczeg\u00f3lnie pod wzgl\u0119dem ekologicznego i zdrowego stylu \u017cycia. Entuzjastka idei miejskiej partyzantki ogrodniczej oraz tworzenia ogrod\u00f3w na dachach i balkonach. Wsp\u00f3\u0142autorka publikacji z zakresu edukacji globalnej, analiz oraz raport\u00f3w. <\/p>\n<p><img loading=\"lazy\" decoding=\"async\" class=\"alignleft wp-image-38 size-thumbnail\" src=\"http:\/\/otwartyplan.org\/wp-content\/uploads\/2014\/04\/marcinwojcik-lj-150x150.jpeg\" alt=\"marcinwojcik-lj\" width=\"150\" height=\"150\" srcset=\"https:\/\/otwartyplan.org\/wp-content\/uploads\/2014\/04\/marcinwojcik-lj-150x150.jpeg 150w, https:\/\/otwartyplan.org\/wp-content\/uploads\/2014\/04\/marcinwojcik-lj-300x300.jpeg 300w, https:\/\/otwartyplan.org\/wp-content\/uploads\/2014\/04\/marcinwojcik-lj.jpeg 400w\" sizes=\"auto, (max-width: 150px) 100vw, 150px\" \/><strong>Marcin W\u00f3jcik<\/strong> &#8211; Absolwent animacji kultury UJ. Po lekturze m.in. &#8220;Cyfrowego \u017cycia&#8221; Nicholasa Negroponte, jego credo to &#8211; &#8220;wierz\u0119 w bloga&#8221;, co zaowocowa\u0142o nagrod\u0105 Bloger Roku 2006 za prowadzenie krakoff.info. Poza aktywno\u015bci\u0105 internetow\u0105 ceni r\u00f3wnie\u017c dobr\u0105 kuchni\u0119 wegetaria\u0144sk\u0105 i zr\u00f3wnowa\u017con\u0105, czyli zielon\u0105, architektur\u0119. Uwielbia miasto, ale chcia\u0142by je zamieni\u0107 w ogr\u00f3d pe\u0142en zieleni, w kt\u00f3rym najwygodniej i najszybciej przemieszcza\u0107 si\u0119 mo\u017cna rowerem. Od sierpnia 2013 roku pe\u0142ni funkcj\u0119 tzw. oficera rowerowego w Zarz\u0105dzie Infrastruktury Komunalnej i Transportu w Krakowie, a od czerwca 2014 r. jest kierownikiem Zespo\u0142u ds. Realizacji Polityki Rowerowej.<\/p>","protected":false},"excerpt":{"rendered":"<p>Ma\u0142gorzata Ma\u0142ochleb &#8211; Od po\u0142owy lat 90. zaanga\u017cowna w dzia\u0142ania na rzecz ochrony \u015brodowiska. Specjalizuje si\u0119 w bezpo\u015bredniej edukacji ekologicznej, szczeg\u00f3lnie w zakresie gospodarki odpadami i promocji roweru, jako \u015brodka transportu w mie\u015bcie. Wsp\u00f3\u0142pracowa\u0142a mi\u0119dzy innymi z Fundacj\u0105 Wspierania Inicjatyw [&hellip;]<\/p>\n","protected":false},"author":1,"featured_media":0,"parent":0,"menu_order":0,"comment_status":"closed","ping_status":"closed","template":"zespol.php","meta":{"footnotes":""},"class_list":["post-33","page","type-page","status-publish","hentry"],"_links":{"self":[{"href":"https:\/\/otwartyplan.org\/en\/wp-json\/wp\/v2\/pages\/33","targetHints":{"allow":["GET"]}}],"collection":[{"href":"https:\/\/otwartyplan.org\/en\/wp-json\/wp\/v2\/pages"}],"about":[{"href":"https:\/\/otwartyplan.org\/en\/wp-json\/wp\/v2\/types\/page"}],"author":[{"embeddable":true,"href":"https:\/\/otwartyplan.org\/en\/wp-json\/wp\/v2\/users\/1"}],"replies":[{"embeddable":true,"href":"https:\/\/otwartyplan.org\/en\/wp-json\/wp\/v2\/comments?post=33"}],"version-history":[{"count":31,"href":"https:\/\/otwartyplan.org\/en\/wp-json\/wp\/v2\/pages\/33\/revisions"}],"predecessor-version":[{"id":1321,"href":"https:\/\/otwartyplan.org\/en\/wp-json\/wp\/v2\/pages\/33\/revisions\/1321"}],"wp:attachment":[{"href":"https:\/\/otwartyplan.org\/en\/wp-json\/wp\/v2\/media?parent=33"}],"curies":[{"name":"wp","href":"https:\/\/api.w.org\/{rel}","templated":true}]}}