{"id":3192,"date":"2023-03-20T22:06:50","date_gmt":"2023-03-20T21:06:50","guid":{"rendered":"https:\/\/otwartyplan.org\/?page_id=3192"},"modified":"2023-03-20T22:09:24","modified_gmt":"2023-03-20T21:09:24","slug":"natalia-budzinska","status":"publish","type":"page","link":"https:\/\/otwartyplan.org\/en\/natalia-budzinska\/","title":{"rendered":"Natalia Budzi\u0144ska"},"content":{"rendered":"<p>Studentka etnologii i antropologii kulturowej na Uniwersytecie Wroc\u0142awskim. Od 2019 roku zwi\u0105zana z Wroc\u0142awsk\u0105 Stref\u0105 Kultury, dzia\u0142aj\u0105c jako wolontariuszka. Cz\u0142onkini Polskiego oddzia\u0142u mi\u0119dzynarodowego ruchu <em>Fashion Revolution, <\/em>w kt\u00f3rym odpowiada za organizacje <em>Clothes Swap\u00f3w <\/em>oraz prowadzenie wyk\u0142ad\u00f3w edukacyjnych, w formie projekcji filmowych dla os\u00f3b w wieku seniorskim czy prezentacji o tematyce zr\u00f3wnowa\u017conej mody. Od 2019 aktywistka na rzecz klimatu i Planety, wyr\u00f3\u017cniona p\u00f3\u0142rocznym stypendium od Greenpeace Polska. W 2021 prowadzi\u0142a audycje w Radiu Luz o antropologicznym spojrzeniu na kryzys klimatyczny i utracie przysz\u0142o\u015bci. Od kwietnia 2022 roku odby\u0142a sta\u017c w Fundacji OP ENHIEM, a od sierpnia 2022 zajmuje stanowisko koordynatorki projekt\u00f3w artystycznych w tej\u017ce Fundacji. Od wrze\u015bnia do listopada 2022 pracowa\u0142a jako Communication Manager w Fundacji OnEarth, przy projekcie &#8220;Wasteless Land | Eco-hackathon Gospodarki Cyrkularnej&#8221;.<\/p>","protected":false},"excerpt":{"rendered":"<p>Studentka etnologii i antropologii kulturowej na Uniwersytecie Wroc\u0142awskim. Od 2019 roku zwi\u0105zana z Wroc\u0142awsk\u0105 Stref\u0105 Kultury, dzia\u0142aj\u0105c jako wolontariuszka. Cz\u0142onkini Polskiego oddzia\u0142u mi\u0119dzynarodowego ruchu Fashion Revolution, w kt\u00f3rym odpowiada za organizacje Clothes Swap\u00f3w oraz prowadzenie wyk\u0142ad\u00f3w edukacyjnych, w formie projekcji [&hellip;]<\/p>\n","protected":false},"author":1,"featured_media":0,"parent":0,"menu_order":0,"comment_status":"closed","ping_status":"closed","template":"","meta":{"footnotes":""},"class_list":["post-3192","page","type-page","status-publish","hentry"],"_links":{"self":[{"href":"https:\/\/otwartyplan.org\/en\/wp-json\/wp\/v2\/pages\/3192","targetHints":{"allow":["GET"]}}],"collection":[{"href":"https:\/\/otwartyplan.org\/en\/wp-json\/wp\/v2\/pages"}],"about":[{"href":"https:\/\/otwartyplan.org\/en\/wp-json\/wp\/v2\/types\/page"}],"author":[{"embeddable":true,"href":"https:\/\/otwartyplan.org\/en\/wp-json\/wp\/v2\/users\/1"}],"replies":[{"embeddable":true,"href":"https:\/\/otwartyplan.org\/en\/wp-json\/wp\/v2\/comments?post=3192"}],"version-history":[{"count":2,"href":"https:\/\/otwartyplan.org\/en\/wp-json\/wp\/v2\/pages\/3192\/revisions"}],"predecessor-version":[{"id":3195,"href":"https:\/\/otwartyplan.org\/en\/wp-json\/wp\/v2\/pages\/3192\/revisions\/3195"}],"wp:attachment":[{"href":"https:\/\/otwartyplan.org\/en\/wp-json\/wp\/v2\/media?parent=3192"}],"curies":[{"name":"wp","href":"https:\/\/api.w.org\/{rel}","templated":true}]}}