{"id":303,"date":"2014-09-08T19:07:49","date_gmt":"2014-09-08T19:07:49","guid":{"rendered":"http:\/\/otwartyplan.org\/?page_id=303"},"modified":"2015-10-08T15:16:56","modified_gmt":"2015-10-08T15:16:56","slug":"media-o-nas","status":"publish","type":"page","link":"https:\/\/otwartyplan.org\/en\/media-o-nas\/","title":{"rendered":"media o nas"},"content":{"rendered":"<p><strong><a href=\"http:\/\/www.dziennikpolski24.pl\/artykul\/8974521,wycinac-czy-przesadzac-urzad-rozwazy-wideo,id,t.html\" target=\"_blank\" rel=\"nofollow noopener\">Wycina\u0107 czy przesadza\u0107? Urz\u0105d rozwa\u017cy<\/a><\/strong><\/p>\n<p>Ziele\u0144. Drzewa oczyszczaj\u0105 powietrze. Ich usuwanie pogarsza i tak trudn\u0105 sytuacj\u0119 Krakowa. Eksperci radz\u0105, aby przesadza\u0107 du\u017ce, cenne okazy. W styczniu jako pierwsi pisali\u015bmy o apelu krakowskich przyrodnik\u00f3w, aby zamiast masowo wycina\u0107 drzewa w mie\u015bcie (rocznie znika ok. 14 tys. sztuk), cz\u0119\u015bciej zleca\u0107 ich przesadzanie. Pomys\u0142 ten wywo\u0142a\u0142 spore kontrowersje zar\u00f3wno w\u015br\u00f3d urz\u0119dnik\u00f3w, jak i mieszka\u0144c\u00f3w, kt\u00f3rzy uznali ten zabieg za zbyt skomplikowany i drogi. <\/p>\n<p>Przyrodnicy jednak si\u0119 nie poddali. Ma\u0142opolskie Towarzystwo Ornitologiczne z dr. Kazimierzem Walaszem na czele i Fundacja Otwarty Plan znalaz\u0142y sprzymierze\u0144c\u00f3w. Zorganizowa\u0142y konferencj\u0119 dla urz\u0119dnik\u00f3w z Krakowa i Ma\u0142opolski, podczas kt\u00f3rej eksperci przekonywali do przesadze\u0144 du\u017cych, cennych drzew. Gdy wytnie si\u0119 doros\u0142e okazy i posadzi nowe, m\u0142ode, trzeba czeka\u0107 kilkana\u015bcie lat, a\u017c urosn\u0105. A tymczasem &#8211; jak zapewniaj\u0105 przyrodnicy &#8211; przesadzenia to droga do zachowania zieleni w miastach.\n<\/p><\/div>\n<\/p><\/div>\n<\/p><\/div>\n<div class=\"hidden-xs col-md-1 col-lg-1\"><\/div>\n<\/div>\n<\/div>\n<div class=\"divider\">\n<div class=\"container\">\n<div class=\"row media\">\n<div class=\"hidden-xs col-md-1 col-lg-1\"><\/div>\n<div class=\"col-xs-12 col-md-10 col-lg-10\">\n<\/p><\/div>\n<\/p><\/div>\n<\/p><\/div>\n<\/div>\n<div class=\"content-fop\">\n<div class=\"container\">\n<div class=\"row\">\n<div class=\"hidden-xs col-md-1 col-lg-1\"><\/div>\n<div class=\"col-xs-12 col-md-10 col-lg-10 blog-post\">\n<p><strong><a href=\"http:\/\/www.tvn24.pl\/krakow,50\/krakowskie-dzielnice-walcza-o-stojaki-na-rowery,434075.html\" target=\"_blank\" rel=\"nofollow noopener\">Krakowskie dzielnice walcz\u0105 o stojaki na rowery<\/a><\/strong><\/p>\n<p>Mieszka\u0144cy Krakowa mog\u0105 zg\u0142asza\u0107, gdzie powinny stan\u0105\u0107 nowe stojaki dla rower\u00f3w. G\u0142osowa\u0107 mo\u017cna przez interaktywn\u0105 map\u0119, kt\u00f3r\u0105 stworzyli urz\u0119dnicy.<\/p>\n<p>Zarz\u0105d Infrastruktury Komunikacji i Transportu razem z Fundacj\u0105 Otwarty Plan przygotowa\u0142 aplikacje internetow\u0105, kt\u00f3ra umo\u017cliwia wskazanie lokalizacji oraz g\u0142osowanie na propozycje innych u\u017cytkownik\u00f3w.<\/p>\n<p>Ka\u017cdy zainteresowany mo\u017ce wskaza\u0107 lokalizacj\u0119 oraz uzasadni\u0107 dlaczego w\u0142a\u015bnie tam potrzebny jest stojak. Na ka\u017cd\u0105 z lokalizacji mo\u017cna g\u0142osowa\u0107 poprzez popularne \u201elajki&#8221;. Mieszka\u0144cy mog\u0105 te\u017c wpisywa\u0107 uzasadnienie dla swoich pr\u00f3\u015bb, a tych nie brakuje: \u201eWszystkie mo\u017cliwe znaki drogowe i rynny s\u0105 obwieszone rowerami&#8230;\u201d, \u201eNie ma miejsca (nie licz\u0105c ogrodzenia, latarni, drzew itp.), wiele os\u00f3b przyje\u017cd\u017ca na treningi\u2026\u201d,  \u201e2-4 stojaki, kt\u00f3re by\u0142yby wybawieniem dla wszystkich g\u0142odnych\u201d argumentuj\u0105 swoje typy internauci.<\/p>\n<\/div><\/div>\n<\/p><\/div>\n<div class=\"hidden-xs col-md-1 col-lg-1\"><\/div>\n<\/div>\n<\/div>\n<div class=\"divider\">\n<div class=\"container\">\n<div class=\"row media\">\n<div class=\"hidden-xs col-md-1 col-lg-1\"><\/div>\n<div class=\"col-xs-12 col-md-10 col-lg-10\">\n<\/p><\/div>\n<\/p><\/div>\n<\/p><\/div>\n<\/div>\n<div class=\"content-fop\">\n<div class=\"container\">\n<div class=\"row\">\n<div class=\"hidden-xs col-md-1 col-lg-1\"><\/div>\n<div class=\"col-xs-12 col-md-10 col-lg-10 blog-post\">\n<p><strong><a href=\"http:\/\/krakow.gazeta.pl\/krakow\/1,44425,16675733,Park_ing__Day_tym_razem_pojawil_sie_na_placu_Nowym.html\" target=\"_blank\" rel=\"nofollow noopener\">Park(ing) Day tym razem pojawi\u0142 si\u0119 na placu Nowym<\/a><\/strong><\/p>\n<div class=\"text-justify newspaper\">\n<p>Po raz sz\u00f3sty w trzeci pi\u0105tek wrze\u015bnia w niespodziewanym miejscu w mie\u015bcie pojawia si\u0119 jednodniowy park. Park(ing) Day ma na celu zwr\u00f3cenie uwagi, jak wa\u017cna jest obecno\u015b\u0107 zieleni w naszym otoczeniu.<\/p>\n<p>Jest to wsp\u00f3lna akcja stowarzyszenia Krak\u00f3w Miastem Rower\u00f3w, Polska Zielona Sie\u0107 oraz Fundacja Otwarty Plan w ramach Europejskiego Tygodnia Zr\u00f3wnowa\u017conego Transportu.<\/p>\n<p>&#8211; Uwa\u017camy, \u017ce powinno by\u0107 wi\u0119cej enklaw zielonych w mie\u015bcie, \u017ceby wychodz\u0105c z bloku, mo\u017cna by\u0142o usi\u0105\u015b\u0107 na \u0142awce. W Krakowie brakuje miejsc, gdzie mo\u017cna za darmo usi\u0105\u015b\u0107. Za ma\u0142o jest zieleni. Na placu Nowym w og\u00f3le nie ma ro\u015blin. Jedyne s\u0105 te, kt\u00f3re widzimy w oknach mieszka\u0144c\u00f3w. Wida\u0107, \u017ce maj\u0105 potrzeb\u0119 obcowania z natur\u0105. Tu powinny rosn\u0105\u0107 drzewa, sta\u0107 donice z krzewami. Tak\u0105 akcj\u0105 chcemy pokaza\u0107, \u017ce nawet na jeden dzie\u0144 mo\u017cna stworzy\u0107 park tam, gdzie go nie ma. Stoi tu zaledwie kilkana\u015bcie drzewek, ale od razu zrobi\u0142a si\u0119 przyja\u017aniejsza atmosfera na placu &#8211; t\u0142umaczy Ma\u0142gorzata Ma\u0142ochleb z Fundacji &#8220;Otwarty Plan&#8221;. <\/p>","protected":false},"excerpt":{"rendered":"<p>Wycina\u0107 czy przesadza\u0107? Urz\u0105d rozwa\u017cy Ziele\u0144. Drzewa oczyszczaj\u0105 powietrze. Ich usuwanie pogarsza i tak trudn\u0105 sytuacj\u0119 Krakowa. Eksperci radz\u0105, aby przesadza\u0107 du\u017ce, cenne okazy. W styczniu jako pierwsi pisali\u015bmy o apelu krakowskich przyrodnik\u00f3w, aby zamiast masowo wycina\u0107 drzewa w mie\u015bcie [&hellip;]<\/p>\n","protected":false},"author":1,"featured_media":0,"parent":0,"menu_order":0,"comment_status":"open","ping_status":"open","template":"","meta":{"footnotes":""},"class_list":["post-303","page","type-page","status-publish","hentry"],"_links":{"self":[{"href":"https:\/\/otwartyplan.org\/en\/wp-json\/wp\/v2\/pages\/303","targetHints":{"allow":["GET"]}}],"collection":[{"href":"https:\/\/otwartyplan.org\/en\/wp-json\/wp\/v2\/pages"}],"about":[{"href":"https:\/\/otwartyplan.org\/en\/wp-json\/wp\/v2\/types\/page"}],"author":[{"embeddable":true,"href":"https:\/\/otwartyplan.org\/en\/wp-json\/wp\/v2\/users\/1"}],"replies":[{"embeddable":true,"href":"https:\/\/otwartyplan.org\/en\/wp-json\/wp\/v2\/comments?post=303"}],"version-history":[{"count":12,"href":"https:\/\/otwartyplan.org\/en\/wp-json\/wp\/v2\/pages\/303\/revisions"}],"predecessor-version":[{"id":311,"href":"https:\/\/otwartyplan.org\/en\/wp-json\/wp\/v2\/pages\/303\/revisions\/311"}],"wp:attachment":[{"href":"https:\/\/otwartyplan.org\/en\/wp-json\/wp\/v2\/media?parent=303"}],"curies":[{"name":"wp","href":"https:\/\/api.w.org\/{rel}","templated":true}]}}