{"id":2944,"date":"2022-02-28T19:26:21","date_gmt":"2022-02-28T18:26:21","guid":{"rendered":"https:\/\/otwartyplan.org\/?page_id=2944"},"modified":"2024-10-01T21:13:45","modified_gmt":"2024-10-01T20:13:45","slug":"marcin-wojcik-2","status":"publish","type":"page","link":"https:\/\/otwartyplan.org\/en\/marcin-wojcik-2\/","title":{"rendered":"Marcin W\u00f3jcik"},"content":{"rendered":"<p>Absolwent animacji kultury UJ. Po lekturze m.in. &#8220;Cyfrowego \u017cycia&#8221; Nicholasa Negroponte, jego credo to &#8211; &#8220;wierz\u0119 w bloga&#8221;, co zaowocowa\u0142o nagrod\u0105 Bloger Roku 2006 za prowadzenie krakoff.info. Poza aktywno\u015bci\u0105 internetow\u0105 ceni r\u00f3wnie\u017c dobr\u0105 kuchni\u0119 wegetaria\u0144sk\u0105 i zr\u00f3wnowa\u017con\u0105, czyli zielon\u0105, architektur\u0119. Uwielbia miasto, ale chcia\u0142by je zamieni\u0107 w ogr\u00f3d pe\u0142en zieleni, w kt\u00f3rym najwygodniej i najszybciej przemieszcza\u0107 si\u0119 mo\u017cna rowerem niezale\u017cnie od wieku. Tw\u00f3rca rowerowej mapy Krakowa (DaRoPlan), w pierwszych edycjach wydawanej przez Polsk\u0105 Zielon\u0105 Sie\u0107 a nast\u0119pnie Fundacj\u0119 Otwarty Plan.<\/p>","protected":false},"excerpt":{"rendered":"<p>Absolwent animacji kultury UJ. Po lekturze m.in. &#8220;Cyfrowego \u017cycia&#8221; Nicholasa Negroponte, jego credo to &#8211; &#8220;wierz\u0119 w bloga&#8221;, co zaowocowa\u0142o nagrod\u0105 Bloger Roku 2006 za prowadzenie krakoff.info. Poza aktywno\u015bci\u0105 internetow\u0105 ceni r\u00f3wnie\u017c dobr\u0105 kuchni\u0119 wegetaria\u0144sk\u0105 i zr\u00f3wnowa\u017con\u0105, czyli zielon\u0105, architektur\u0119. [&hellip;]<\/p>\n","protected":false},"author":1,"featured_media":0,"parent":0,"menu_order":0,"comment_status":"closed","ping_status":"closed","template":"","meta":{"footnotes":""},"class_list":["post-2944","page","type-page","status-publish","hentry"],"_links":{"self":[{"href":"https:\/\/otwartyplan.org\/en\/wp-json\/wp\/v2\/pages\/2944","targetHints":{"allow":["GET"]}}],"collection":[{"href":"https:\/\/otwartyplan.org\/en\/wp-json\/wp\/v2\/pages"}],"about":[{"href":"https:\/\/otwartyplan.org\/en\/wp-json\/wp\/v2\/types\/page"}],"author":[{"embeddable":true,"href":"https:\/\/otwartyplan.org\/en\/wp-json\/wp\/v2\/users\/1"}],"replies":[{"embeddable":true,"href":"https:\/\/otwartyplan.org\/en\/wp-json\/wp\/v2\/comments?post=2944"}],"version-history":[{"count":3,"href":"https:\/\/otwartyplan.org\/en\/wp-json\/wp\/v2\/pages\/2944\/revisions"}],"predecessor-version":[{"id":3373,"href":"https:\/\/otwartyplan.org\/en\/wp-json\/wp\/v2\/pages\/2944\/revisions\/3373"}],"wp:attachment":[{"href":"https:\/\/otwartyplan.org\/en\/wp-json\/wp\/v2\/media?parent=2944"}],"curies":[{"name":"wp","href":"https:\/\/api.w.org\/{rel}","templated":true}]}}