{"id":2942,"date":"2022-02-28T19:25:28","date_gmt":"2022-02-28T18:25:28","guid":{"rendered":"https:\/\/otwartyplan.org\/?page_id=2942"},"modified":"2022-02-28T19:25:28","modified_gmt":"2022-02-28T18:25:28","slug":"magdalena-klarenbach","status":"publish","type":"page","link":"https:\/\/otwartyplan.org\/en\/magdalena-klarenbach\/","title":{"rendered":"Magdalena Klarenbach"},"content":{"rendered":"<p>Od lat wsp\u00f3\u0142pracuje z organizacjami pozarz\u0105dowym, w tym Polsk\u0105 Akcj\u0105 Humanitarn\u0105, Polsk\u0105 Zielon\u0105 Sieci\u0105 i Fundacj\u0105 ZNAK. Absolwentka socjologii UJ, specjalizuje si\u0119 w w zagadnieniu edukacji globalnej. Wsp\u00f3\u0142autorka publikacji z zakresu edukacji globalnej, analiz oraz raport\u00f3w m.in publikacji Edukacja Globalna w Ma\u0142opolsce oraz Edukacja Globalna. Poradnik metodyczny dla nauczycieli\/ek II, III, IV etapu edukacyjnego. Uwa\u017ca, \u017ce miasto mo\u017ce by\u0107 przestrzeni\u0105 przyjazn\u0105 dla mieszka\u0144c\u00f3w, szczeg\u00f3lnie pod wzgl\u0119dem ekologicznego i zdrowego stylu \u017cycia.<\/p>","protected":false},"excerpt":{"rendered":"<p>Od lat wsp\u00f3\u0142pracuje z organizacjami pozarz\u0105dowym, w tym Polsk\u0105 Akcj\u0105 Humanitarn\u0105, Polsk\u0105 Zielon\u0105 Sieci\u0105 i Fundacj\u0105 ZNAK. Absolwentka socjologii UJ, specjalizuje si\u0119 w w zagadnieniu edukacji globalnej. Wsp\u00f3\u0142autorka publikacji z zakresu edukacji globalnej, analiz oraz raport\u00f3w m.in publikacji Edukacja Globalna [&hellip;]<\/p>\n","protected":false},"author":1,"featured_media":0,"parent":0,"menu_order":0,"comment_status":"closed","ping_status":"closed","template":"","meta":{"footnotes":""},"class_list":["post-2942","page","type-page","status-publish","hentry"],"_links":{"self":[{"href":"https:\/\/otwartyplan.org\/en\/wp-json\/wp\/v2\/pages\/2942","targetHints":{"allow":["GET"]}}],"collection":[{"href":"https:\/\/otwartyplan.org\/en\/wp-json\/wp\/v2\/pages"}],"about":[{"href":"https:\/\/otwartyplan.org\/en\/wp-json\/wp\/v2\/types\/page"}],"author":[{"embeddable":true,"href":"https:\/\/otwartyplan.org\/en\/wp-json\/wp\/v2\/users\/1"}],"replies":[{"embeddable":true,"href":"https:\/\/otwartyplan.org\/en\/wp-json\/wp\/v2\/comments?post=2942"}],"version-history":[{"count":1,"href":"https:\/\/otwartyplan.org\/en\/wp-json\/wp\/v2\/pages\/2942\/revisions"}],"predecessor-version":[{"id":2943,"href":"https:\/\/otwartyplan.org\/en\/wp-json\/wp\/v2\/pages\/2942\/revisions\/2943"}],"wp:attachment":[{"href":"https:\/\/otwartyplan.org\/en\/wp-json\/wp\/v2\/media?parent=2942"}],"curies":[{"name":"wp","href":"https:\/\/api.w.org\/{rel}","templated":true}]}}