{"id":2937,"date":"2022-02-28T19:22:55","date_gmt":"2022-02-28T18:22:55","guid":{"rendered":"https:\/\/otwartyplan.org\/?page_id=2937"},"modified":"2022-02-28T19:42:30","modified_gmt":"2022-02-28T18:42:30","slug":"malgorzata-malochleb","status":"publish","type":"page","link":"https:\/\/otwartyplan.org\/en\/malgorzata-malochleb\/","title":{"rendered":"Ma\u0142gorzata Ma\u0142ochleb"},"content":{"rendered":"<p>Specjalizuje si\u0119 w edukacji ekologicznej, szczeg\u00f3lnie w zakresie standard\u00f3w \u017cycia w mie\u015bcie, spo\u0142ecze\u0144stwa obywatelskiego, jako\u015bci powietrza, promocji roweru jako \u015brodka transportu. Wsp\u00f3\u0142pracowa\u0142a m.in. z Fundacj\u0105 Wspierania Inicjatyw Ekologicznych, Instytutem Ekonomii \u015arodowiska i CEE Bankwatch Network. W latach 2008-2015 zwi\u0105zana ze Zwi\u0105zkiem Stowarzysze\u0144 Polska Zielona Sie\u0107 jako mened\u017cerka i koordynatorka kampanii. Od pocz\u0105tku zaanga\u017cowana w kampani\u0119 informacyjno-edukacyjn\u0105 na rzecz \u201cCzystego powietrza dla Krakowa\u201d. Autorka i wsp\u00f3\u0142redaktorka materia\u0142\u00f3w dydaktycznych i informacyjnych. W roku 2013 wsp\u00f3\u0142inicjatorka \u201cKrakowskiego Dialogu Cyklicznego\u201d oraz \u201cKontraktu 100 rozwi\u0105za\u0144 rowerowych dla Krakowa\u201d w stowarzyszeniu Krak\u00f3w Miastem Rower\u00f3w. Inicjatorka Komisji Dialogu Obywatelskiego ds. \u015arodowiska, kt\u00f3rej by\u0142a przewodnicz\u0105c\u0105 w l. 2018-2019. Od powstania w 2014 roku Przewodnicz\u0105ca Rady Fundacji Kupuj Odpowiedzialnie. Wsp\u00f3\u0142pracuje z krakowskim samorz\u0105dem w zakresie konsultacji spo\u0142ecznych i dialogu z mieszka\u0144cami.&nbsp;<\/p>","protected":false},"excerpt":{"rendered":"<p>Specjalizuje si\u0119 w edukacji ekologicznej, szczeg\u00f3lnie w zakresie standard\u00f3w \u017cycia w mie\u015bcie, spo\u0142ecze\u0144stwa obywatelskiego, jako\u015bci powietrza, promocji roweru jako \u015brodka transportu. Wsp\u00f3\u0142pracowa\u0142a m.in. z Fundacj\u0105 Wspierania Inicjatyw Ekologicznych, Instytutem Ekonomii \u015arodowiska i CEE Bankwatch Network. W latach 2008-2015 zwi\u0105zana ze [&hellip;]<\/p>\n","protected":false},"author":1,"featured_media":0,"parent":0,"menu_order":0,"comment_status":"closed","ping_status":"closed","template":"","meta":{"footnotes":""},"class_list":["post-2937","page","type-page","status-publish","hentry"],"_links":{"self":[{"href":"https:\/\/otwartyplan.org\/en\/wp-json\/wp\/v2\/pages\/2937","targetHints":{"allow":["GET"]}}],"collection":[{"href":"https:\/\/otwartyplan.org\/en\/wp-json\/wp\/v2\/pages"}],"about":[{"href":"https:\/\/otwartyplan.org\/en\/wp-json\/wp\/v2\/types\/page"}],"author":[{"embeddable":true,"href":"https:\/\/otwartyplan.org\/en\/wp-json\/wp\/v2\/users\/1"}],"replies":[{"embeddable":true,"href":"https:\/\/otwartyplan.org\/en\/wp-json\/wp\/v2\/comments?post=2937"}],"version-history":[{"count":2,"href":"https:\/\/otwartyplan.org\/en\/wp-json\/wp\/v2\/pages\/2937\/revisions"}],"predecessor-version":[{"id":2953,"href":"https:\/\/otwartyplan.org\/en\/wp-json\/wp\/v2\/pages\/2937\/revisions\/2953"}],"wp:attachment":[{"href":"https:\/\/otwartyplan.org\/en\/wp-json\/wp\/v2\/media?parent=2937"}],"curies":[{"name":"wp","href":"https:\/\/api.w.org\/{rel}","templated":true}]}}