{"id":2607,"date":"2021-03-24T21:52:10","date_gmt":"2021-03-24T20:52:10","guid":{"rendered":"http:\/\/otwartyplan.org\/?page_id=2607"},"modified":"2021-03-24T22:45:24","modified_gmt":"2021-03-24T21:45:24","slug":"karta-etyczna","status":"publish","type":"page","link":"https:\/\/otwartyplan.org\/en\/karta-etyczna\/","title":{"rendered":"Ethical charter"},"content":{"rendered":"<p>W 2018 roku Zarz\u0105d Fundacji Otwarty Plan podpisa\u0142 si\u0119 pod Kart\u0105 Etyczn\u0105 Pozarz\u0105dowych Organizacji Ekologicznych, zgadzaj\u0105c si\u0119 tym samym z jej za\u0142o\u017ceniami. G\u0142\u00f3wnym celem, dla kt\u00f3rego powsta\u0142a Karta Etyczna \u2013 jest promowanie przejrzysto\u015bci i jawno\u015bci dzia\u0142ania organizacji ekologicznych.<\/p>\n\n\n\n<p>Wi\u0119cej informacji, jak i list\u0119 sygnatariuszy Karty Etycznej mo\u017cna znale\u017a\u0107 na stronach <a href=\"http:\/\/zielonasiec.pl\/karta-etyczna\/\" rel=\"nofollow noopener\" target=\"_blank\">Zwi\u0105zku Stowarzysze\u0144 Polska Zielona Sie\u0107.<\/a><\/p>\n\n\n\n<p> <\/p>\n\n\n\n<p><strong>Karta Etyczna Pozarz\u0105dowych Organizacji Ekologicznych<\/strong><\/p>\n\n\n\n<p>Sygnatariusze Karty to organizacje ekologiczne dzia\u0142aj\u0105ce na rzecz:<\/p>\n\n\n\n<ul class=\"wp-block-list\"><li>wysokiej jako\u015bci \u017cycia w czystym \u015brodowisku,<\/li><li>zachowania skarb\u00f3w przyrody,<\/li><li>zapewnienia przestrzegania praw ludzi i zwierz\u0105t,<\/li><li>zaanga\u017cowania obywateli w dzia\u0142ania na rzecz ochrony \u015brodowiska.<\/li><\/ul>\n\n\n\n<p>Uznaj\u0105c znaczenie istotnej roli, jak\u0105 organizacje ekologiczne odgrywaj\u0105 w ochronie \u015brodowiska, chcemy d\u0105\u017cy\u0107 do pe\u0142nej przejrzysto\u015bci funkcjonowania, jawno\u015bci decyzji, a tak\u017ce wiarygodno\u015bci naszych dzia\u0142a\u0144. Dlatego deklarujemy przestrzeganie poni\u017cszych zasad.<\/p>\n\n\n\n<p><strong>Jawno\u015b\u0107<\/strong><\/p>\n\n\n\n<p>Dzia\u0142alno\u015b\u0107 ka\u017cdej organizacji powinna by\u0107 jawna dla wszystkich zainteresowanych. Dlatego zobowi\u0105zujemy si\u0119 do:<\/p>\n\n\n\n<ul class=\"wp-block-list\"><li>rozpowszechniania informacji o dzia\u0142aniach realizowanych przez organizacj\u0119,<\/li><li>upublicznianiu rocznych raport\u00f3w merytorycznych i finansowych,<\/li><li>informowaniu o dofinansowaniu udzielanym ze \u015brodk\u00f3w publicznych oraz przez biznes na stronie internetowej organizacji.<\/li><\/ul>\n\n\n\n<p><strong>Rzetelno\u015b\u0107<\/strong><\/p>\n\n\n\n<p>Osi\u0105gni\u0119cie cel\u00f3w przyj\u0119tych przez organizacj\u0119 wymaga konsekwentnego i kompetentnego dzia\u0142ania. Dlatego zobowi\u0105zujemy si\u0119 do:<\/p>\n\n\n\n<ul class=\"wp-block-list\"><li>podejmowania zada\u0144 na miar\u0119 kompetencji i mo\u017cliwo\u015bci organizacji,<\/li><li>wywi\u0105zywania si\u0119 z um\u00f3w i zobowi\u0105za\u0144,<\/li><li>troski o wysok\u0105 jako\u015b\u0107 realizowanych dzia\u0142a\u0144.<\/li><\/ul>\n\n\n\n<p><strong><em>Uczestnictwo w post\u0119powaniach administracyjnych &#8211; uczciwo\u015b\u0107 i praworz\u0105dno\u015b\u0107<\/em><\/strong><\/p>\n\n\n\n<p>Celem uczestniczenia organizacji w post\u0119powaniach administracyjnych powinno by\u0107:<\/p>\n\n\n\n<ul class=\"wp-block-list\"><li>zapewnienie przestrzegania prawa,<\/li><li>zagwarantowanie udzia\u0142u spo\u0142ecznego w procesie podejmowania decyzji,<\/li><li>pe\u0142na jawno\u015b\u0107 procedur decyzyjnych,<\/li><li>przeciwdzia\u0142anie korupcji,<\/li><li>zapewnienie przestrzegania zasad ekorozwoju przy podejmowaniu decyzji inwestycyjnych.<\/li><\/ul>\n\n\n\n<p>Uczestnicz\u0105c w post\u0119powaniach administracyjnych zobowi\u0105zujemy si\u0119 do:<\/p>\n\n\n\n<ul class=\"wp-block-list\"><li>kierowania si\u0119 wzgl\u0119dami merytorycznymi,<\/li><li>nie zawierania porozumie\u0144 z inwestorem lub organem administracji, w zwi\u0105zku z&nbsp;prowadzonym post\u0119powaniem, w wyniku kt\u00f3rego organizacja, osoby odpowiedzialne w niej za podejmowanie decyzji lub podmioty z ni\u0105 zwi\u0105zane mog\u0142yby uzyska\u0107 jakiekolwiek korzy\u015bci finansowe lub materialne,<\/li><li>zapewnienia pe\u0142nej jawno\u015bci wszystkich ustale\u0144 dotycz\u0105cych prowadzonego post\u0119powania,<\/li><li>poddania si\u0119 obowi\u0105zuj\u0105cym procedurom wyja\u015bniaj\u0105cym i kontrolnym.<\/li><\/ul>\n\n\n\n<p><strong><em>Wsp\u00f3\u0142praca z biznesem &#8211; konsekwencja i wiarygodno\u015b\u0107<\/em><\/strong><\/p>\n\n\n\n<p>Wsp\u00f3\u0142praca organizacji pozarz\u0105dowych i biznesu mo\u017ce wnosi\u0107 now\u0105 jako\u015b\u0107 w dzia\u0142alno\u015b\u0107 dla ochrony \u015brodowiska oraz przyjmowa\u0107 r\u00f3\u017cne formy, kt\u00f3rych istot\u0105 jest r\u00f3wnoprawno\u015b\u0107 partner\u00f3w.<\/p>\n\n\n\n<p>Wsp\u00f3\u0142dzia\u0142anie mo\u017ce obejmowa\u0107 zar\u00f3wno wsparcie organizacji przez biznes, jak i biznesu przez organizacje. Mo\u017ce ono dotyczy\u0107 zar\u00f3wno wsparcia finansowego i materialnego, jak i wsp\u00f3\u0142pracy merytorycznej, jak na przyk\u0142ad: upowszechnianie dobrych praktyk \u015brodowiskowych wdra\u017canych przez firmy, czy te\u017c udzia\u0142 we wsp\u00f3lnych dzia\u0142aniach rzeczniczych i edukacyjnych s\u0142u\u017c\u0105cych celom ochrony \u015brodowiska.<\/p>\n\n\n\n<p>Jednak szczeg\u00f3lnie istotne jest, aby wzajemna wsp\u00f3\u0142praca by\u0142a zgodna z misj\u0105 organizacji ekologicznych oraz zapewnia\u0142a zachowanie ich niezale\u017cno\u015bci, bezstronno\u015bci i wiarygodno\u015bci.<\/p>\n\n\n\n<p>Dlatego te\u017c zobowi\u0105zujemy si\u0119:<\/p>\n\n\n\n<ul class=\"wp-block-list\"><li>nie wsp\u00f3\u0142pracowa\u0107 z firmami, kt\u00f3rych dzia\u0142alno\u015b\u0107 stoi w bezpo\u015bredniej sprzeczno\u015bci z ochron\u0105 \u015brodowiska lub te\u017c \u0142amie zasady etyczne tj. w szczeg\u00f3lno\u015bci nie przestrzegaj\u0105cymi praw cz\u0142owieka, przyczyniaj\u0105cymi si\u0119 do powstawania nier\u00f3wno\u015bci spo\u0142ecznych (biedy i ub\u00f3stwa), przyczyniaj\u0105cymi si\u0119 do wielkoskalowych zniszcze\u0144 przyrody i \u015brodowiska (nie tylko lokalnie, ale tak\u017ce w wymiarze zewn\u0119trznym &#8211; w krajach rozwijaj\u0105cych si\u0119), nie respektuj\u0105cymi zwyczaj\u00f3w lokalnych i prawa miejscowego, utrudniaj\u0105cymi dost\u0119p do informacji na temat wp\u0142ywu ich dzia\u0142alno\u015bci na \u015brodowisko;<\/li><li>nie wsp\u00f3\u0142pracowa\u0107 z firmami, kt\u00f3re mog\u0142yby doprowadzi\u0107 do konfliktu interes\u00f3w oraz obni\u017cy\u0107 niezale\u017cno\u015b\u0107 b\u0105d\u017a bezstronno\u015b\u0107 organizacji;<\/li><li>korzysta\u0107 ze wsparcia finansowego lub materialnego biznesu wy\u0142\u0105cznie w przypadku firm, kt\u00f3re przyjmuj\u0105c odpowiedzialno\u015b\u0107 za wp\u0142yw swojej dzia\u0142alno\u015bci na \u015brodowisko, d\u0105\u017c\u0105 do obni\u017cenia negatywnego oddzia\u0142ywania swojej dzia\u0142alno\u015bci na \u015brodowisko oraz dbaj\u0105 o wysokie standardy w zakresie ochrony \u015brodowiska, nie s\u0105 odpowiedzialne za ci\u0119\u017ckie i powa\u017cne przypadki niszczenia \u015brodowiska, wspieraj\u0105 rozw\u00f3j eko-innowacji;<\/li><li>wykorzystywa\u0107 przy finansowaniu tylko \u015brodki, kt\u00f3re uzyskano z poszanowaniem demokracji, prawa i norm etycznych.<\/li><\/ul>\n\n\n\n<p>Funkcjonowanie Karty Etycznej okre\u015bla <a href=\"http:\/\/zielonasiec.pl\/wp-content\/uploads\/Regulamin-Karty-Etycznej_final_2013.pdf\" rel=\"nofollow noopener\" target=\"_blank\">Regulamin Karty, stanowi\u0105cy za\u0142\u0105cznik do niej.<\/a><\/p>","protected":false},"excerpt":{"rendered":"<p>W 2018 roku Zarz\u0105d Fundacji Otwarty Plan podpisa\u0142 si\u0119 pod Kart\u0105 Etyczn\u0105 Pozarz\u0105dowych Organizacji Ekologicznych, zgadzaj\u0105c si\u0119 tym samym z jej za\u0142o\u017ceniami. G\u0142\u00f3wnym celem, dla kt\u00f3rego powsta\u0142a Karta Etyczna \u2013 jest promowanie przejrzysto\u015bci i jawno\u015bci dzia\u0142ania organizacji ekologicznych. Wi\u0119cej informacji, [&hellip;]<\/p>\n","protected":false},"author":1,"featured_media":0,"parent":0,"menu_order":0,"comment_status":"closed","ping_status":"closed","template":"","meta":{"footnotes":""},"class_list":["post-2607","page","type-page","status-publish","hentry"],"_links":{"self":[{"href":"https:\/\/otwartyplan.org\/en\/wp-json\/wp\/v2\/pages\/2607","targetHints":{"allow":["GET"]}}],"collection":[{"href":"https:\/\/otwartyplan.org\/en\/wp-json\/wp\/v2\/pages"}],"about":[{"href":"https:\/\/otwartyplan.org\/en\/wp-json\/wp\/v2\/types\/page"}],"author":[{"embeddable":true,"href":"https:\/\/otwartyplan.org\/en\/wp-json\/wp\/v2\/users\/1"}],"replies":[{"embeddable":true,"href":"https:\/\/otwartyplan.org\/en\/wp-json\/wp\/v2\/comments?post=2607"}],"version-history":[{"count":4,"href":"https:\/\/otwartyplan.org\/en\/wp-json\/wp\/v2\/pages\/2607\/revisions"}],"predecessor-version":[{"id":2630,"href":"https:\/\/otwartyplan.org\/en\/wp-json\/wp\/v2\/pages\/2607\/revisions\/2630"}],"wp:attachment":[{"href":"https:\/\/otwartyplan.org\/en\/wp-json\/wp\/v2\/media?parent=2607"}],"curies":[{"name":"wp","href":"https:\/\/api.w.org\/{rel}","templated":true}]}}