{"id":2605,"date":"2021-03-24T21:50:52","date_gmt":"2021-03-24T20:50:52","guid":{"rendered":"http:\/\/otwartyplan.org\/?page_id=2605"},"modified":"2025-12-08T14:27:49","modified_gmt":"2025-12-08T13:27:49","slug":"sprawozdania","status":"publish","type":"page","link":"https:\/\/otwartyplan.org\/en\/sprawozdania\/","title":{"rendered":"Reports"},"content":{"rendered":"\n<p>Sprawozdanie finansowe z dzia\u0142alno\u015bci Fundacji Otwarty Plan za rok 2014. [<a href=\"http:\/\/otwartyplan.org\/wp-content\/uploads\/2014\/04\/Sprawozdanie_finansowe_2014.pdf\">Sprawozdanie_finansowe_2014<\/a>]<br>Sprawozdanie merytoryczne z dzia\u0142alno\u015bci Fundacji Otwarty Plan za rok 2014. [<a href=\"http:\/\/otwartyplan.org\/wp-content\/uploads\/2016\/08\/Fundacja-Otwarty-Plan_Sprawozdanie-merytoryczne_2014.pdf\">Sprawozdanie_merytoryczne_2014<\/a>]<\/p>\n\n\n\n<p>Sprawozdanie finansowe z dzia\u0142alno\u015bci Fundacji Otwarty Plan za rok 2015. [<a href=\"http:\/\/otwartyplan.org\/wp-content\/uploads\/2016\/05\/Sprawozdanie_finansowe_2015.pdf\">Sprawozdanie_finansowe_2015<\/a>]<br>Sprawozdanie merytoryczne z dzia\u0142alno\u015bci Fundacji Otwarty Plan za rok 2015. [<a href=\"http:\/\/otwartyplan.org\/wp-content\/uploads\/2016\/08\/Fundacja-Otwarty-Plan_Sprawozdanie-merytoryczne_2015.pdf\">Sprawozdanie_merytoryczne_2015<\/a>]<\/p>\n\n\n\n<p>Sprawozdanie finansowe z dzia\u0142alno\u015bci Fundacji Otwarty Plan za rok 2016. [<a href=\"http:\/\/otwartyplan.org\/wp-content\/uploads\/2017\/03\/Sprawozdanie_finansowe_2016.pdf\">Sprawozdanie_finansowe_2016<\/a>]<br>Sprawozdanie merytoryczne z dzia\u0142alno\u015bci Fundacji Otwarty Plan za rok 2016. [<a href=\"http:\/\/otwartyplan.org\/wp-content\/uploads\/2017\/03\/Fundacja-Otwarty-Plan_Sprawozdanie-merytoryczne_2016.pdf\">Sprawozdanie_merytoryczne_2016<\/a>]<\/p>\n\n\n\n<p>Sprawozdanie finansowe z dzia\u0142alno\u015bci Fundacji Otwarty Plan za rok 2017. [<a href=\"http:\/\/otwartyplan.org\/wp-content\/uploads\/2018\/07\/FOP_sprawozdanie-finansowe-2017.pdf\">Sprawozdanie_finansowe_2017<\/a>]<br>Sprawozdanie merytoryczne z dzia\u0142alno\u015bci Fundacji Otwarty Plan za rok 2017. [<a href=\"http:\/\/otwartyplan.org\/wp-content\/uploads\/2018\/07\/FOP_Sprawozdanie-merytoryczne-2017.pdf\">Sprawozdanie_merytoryczne_2017<\/a>]<\/p>\n\n\n\n<p>Sprawozdanie finansowe z dzia\u0142alno\u015bci Fundacji Otwarty Plan za rok 2018. [<a href=\"http:\/\/otwartyplan.org\/wp-content\/uploads\/2019\/07\/Fundacja-Otwarty-Plan-sprawozdanie-finansowe-2018.pdf\">Sprawozdanie_finansowe_2018<\/a>]<\/p>\n\n\n\n<p>Sprawozdanie roczne z dzia\u0142alno\u015bci Fundacji Otwarty Plan za rok 2019. [<a href=\"http:\/\/otwartyplan.org\/wp-content\/uploads\/2021\/01\/Roczne_sprawozdanie_z_dzialalnosci_fundacji_2019_r..pdf\">Sprawozdanie_finansowe_2019<\/a>]<\/p>\n\n\n\n<p>Sprawozdanie roczne z dzia\u0142alno\u015bci Fundacji Otwarty Plan za rok 2020. [<a href=\"https:\/\/otwartyplan.org\/wp-content\/uploads\/2022\/06\/FOP_sprawozdanie_roczne_za_2020.pdf\" target=\"_blank\" rel=\"noreferrer noopener\">Sprawozdanie_roczne_za_2020<\/a>]<\/p>\n\n\n\n<p>Sprawozdanie roczne z dzia\u0142alno\u015bci Fundacji Otwarty Plan za rok 2021. [<a href=\"https:\/\/otwartyplan.org\/wp-content\/uploads\/2025\/12\/FOP_sprawozdanie-finansowe-za-2021.pdf\">Sprawozdanie za 2021<\/a>]<\/p>\n\n\n\n<p>Sprawozdanie roczne z dzia\u0142alno\u015bci Fundacji Otwarty Plan za rok 2022. [<a href=\"https:\/\/otwartyplan.org\/wp-content\/uploads\/2025\/07\/FOP-Sprawozdanie-z-dzialalnosci-za-rok-2022.pdf\">Sprawozdanie za 2022<\/a>]<\/p>\n\n\n\n<p>Sprawozdanie roczne z dzia\u0142alno\u015bci Fundacji Otwarty Plan za rok 2023. [<a href=\"https:\/\/otwartyplan.org\/wp-content\/uploads\/2025\/07\/FOP-Sprawozdanie_z_dzialalnosci-za-rok-2023.pdf\">Sprawozdanie za 2023<\/a>]<\/p>\n\n\n\n<p>Sprawozdanie roczne z dzia\u0142alno\u015bci Fundacji Otwarty Plan za rok 2024. [<a href=\"https:\/\/otwartyplan.org\/wp-content\/uploads\/2025\/11\/Sprawozdanie-finansowe-Fundacja-Otwarty-Plan-za-2024.pdf\">Sprawozdanie za 2024<\/a>]<br><\/p>\n\n\n\n<p><\/p>\n","protected":false},"excerpt":{"rendered":"<p>Sprawozdanie finansowe z dzia\u0142alno\u015bci Fundacji Otwarty Plan za rok 2014. [Sprawozdanie_finansowe_2014]Sprawozdanie merytoryczne z dzia\u0142alno\u015bci Fundacji Otwarty Plan za rok 2014. [Sprawozdanie_merytoryczne_2014] Sprawozdanie finansowe z dzia\u0142alno\u015bci Fundacji Otwarty Plan za rok 2015. [Sprawozdanie_finansowe_2015]Sprawozdanie merytoryczne z dzia\u0142alno\u015bci Fundacji Otwarty Plan za rok [&hellip;]<\/p>\n","protected":false},"author":1,"featured_media":0,"parent":0,"menu_order":0,"comment_status":"closed","ping_status":"closed","template":"","meta":{"footnotes":""},"class_list":["post-2605","page","type-page","status-publish","hentry"],"_links":{"self":[{"href":"https:\/\/otwartyplan.org\/en\/wp-json\/wp\/v2\/pages\/2605","targetHints":{"allow":["GET"]}}],"collection":[{"href":"https:\/\/otwartyplan.org\/en\/wp-json\/wp\/v2\/pages"}],"about":[{"href":"https:\/\/otwartyplan.org\/en\/wp-json\/wp\/v2\/types\/page"}],"author":[{"embeddable":true,"href":"https:\/\/otwartyplan.org\/en\/wp-json\/wp\/v2\/users\/1"}],"replies":[{"embeddable":true,"href":"https:\/\/otwartyplan.org\/en\/wp-json\/wp\/v2\/comments?post=2605"}],"version-history":[{"count":8,"href":"https:\/\/otwartyplan.org\/en\/wp-json\/wp\/v2\/pages\/2605\/revisions"}],"predecessor-version":[{"id":3609,"href":"https:\/\/otwartyplan.org\/en\/wp-json\/wp\/v2\/pages\/2605\/revisions\/3609"}],"wp:attachment":[{"href":"https:\/\/otwartyplan.org\/en\/wp-json\/wp\/v2\/media?parent=2605"}],"curies":[{"name":"wp","href":"https:\/\/api.w.org\/{rel}","templated":true}]}}