{"id":24,"date":"2014-04-23T19:04:00","date_gmt":"2014-04-23T19:04:00","guid":{"rendered":"http:\/\/otwartyplan.org\/?page_id=24"},"modified":"2025-02-15T11:23:24","modified_gmt":"2025-02-15T10:23:24","slug":"kontakt","status":"publish","type":"page","link":"https:\/\/otwartyplan.org\/en\/kontakt\/","title":{"rendered":"Contact"},"content":{"rendered":"<p style=\"margin-bottom: 0cm;\"><strong>Fundacja Otwarty Plan :: Open Plan Foundation<\/strong><\/p>\n<p style=\"margin-bottom: 0cm;\">Krak\u00f3w, Polska (Poland)<\/p>\n<p style=\"margin-bottom: 0cm;\">NIP: 675-149-90-26<br \/>\nREGON: 123049689<br \/>\nKRS: 0000496977<\/p>\n<p style=\"margin-bottom: 0cm;\"><strong>e-mail: <\/strong>fundacja@otwartyplan.org<\/p>\n<p><strong>tel.: <\/strong> Ma\u0142gorzata Ma\u0142ochleb +48 506 457 157<\/p>\n<p><strong>Mo\u017cesz wesprze\u0107 finansowo nasze dzia\u0142ania i wp\u0142aci\u0107 darowizn\u0119 na nasze konto w:<br \/>\n<\/strong>BNP Paribas Bank S.A.<br \/>\n22 2030 0045 1110 0000 0402 0650<\/p>\n<p><strong>Sk\u0142ad Zarz\u0105d Fundacji Otwarty Plan:<\/strong><\/p>\n<p>Magdalena Klarenbach &#8211; cz\u0142onkini Zarz\u0105du<br \/>\nMa\u0142gorzata Ma\u0142ochleb &#8211; cz\u0142onkini Zarz\u0105du<br \/>\nEmilia \u015alimko &#8211; cz\u0142onkini Zarz\u0105du<\/p>","protected":false},"excerpt":{"rendered":"<p>Fundacja Otwarty Plan :: Open Plan Foundation Krak\u00f3w, Polska (Poland) NIP: 675-149-90-26 REGON: 123049689 KRS: 0000496977 e-mail: fundacja@otwartyplan.org tel.: Ma\u0142gorzata Ma\u0142ochleb +48 506 457 157 Mo\u017cesz wesprze\u0107 finansowo nasze dzia\u0142ania i wp\u0142aci\u0107 darowizn\u0119 na nasze konto w: BNP Paribas Bank [&hellip;]<\/p>\n","protected":false},"author":1,"featured_media":0,"parent":0,"menu_order":0,"comment_status":"closed","ping_status":"closed","template":"","meta":{"footnotes":""},"class_list":["post-24","page","type-page","status-publish","hentry"],"_links":{"self":[{"href":"https:\/\/otwartyplan.org\/en\/wp-json\/wp\/v2\/pages\/24","targetHints":{"allow":["GET"]}}],"collection":[{"href":"https:\/\/otwartyplan.org\/en\/wp-json\/wp\/v2\/pages"}],"about":[{"href":"https:\/\/otwartyplan.org\/en\/wp-json\/wp\/v2\/types\/page"}],"author":[{"embeddable":true,"href":"https:\/\/otwartyplan.org\/en\/wp-json\/wp\/v2\/users\/1"}],"replies":[{"embeddable":true,"href":"https:\/\/otwartyplan.org\/en\/wp-json\/wp\/v2\/comments?post=24"}],"version-history":[{"count":22,"href":"https:\/\/otwartyplan.org\/en\/wp-json\/wp\/v2\/pages\/24\/revisions"}],"predecessor-version":[{"id":3399,"href":"https:\/\/otwartyplan.org\/en\/wp-json\/wp\/v2\/pages\/24\/revisions\/3399"}],"wp:attachment":[{"href":"https:\/\/otwartyplan.org\/en\/wp-json\/wp\/v2\/media?parent=24"}],"curies":[{"name":"wp","href":"https:\/\/api.w.org\/{rel}","templated":true}]}}