{"id":2,"date":"2014-04-11T11:14:53","date_gmt":"2014-04-11T11:14:53","guid":{"rendered":"http:\/\/otwartyplan.org\/?page_id=2"},"modified":"2026-04-01T18:08:59","modified_gmt":"2026-04-01T17:08:59","slug":"o-nas","status":"publish","type":"page","link":"https:\/\/otwartyplan.org\/en\/o-nas\/","title":{"rendered":"About us"},"content":{"rendered":"<p><\/p>\n\n\n\n<p>Jeste\u015bmy organizacj\u0105 pozarz\u0105dow\u0105, o profilu edukacyjnym i badawczym, kt\u00f3rej g\u0142\u00f3wnym celem jest dzia\u0142anie na rzecz spo\u0142ecze\u0144stwa obywatelskiego i ochrony \u015brodowiska. Aktywnie wykorzystuj\u0105c metody edukacji klimatycznej, transformatywnej i globalnej, tworzymy materia\u0142y (publikacje dla nauczycieli i uczni\u00f3w, warsztaty, szkolenia) oraz dzia\u0142amy, aby wciela\u0107 w \u017cycie ide\u0119 sprawiedliwego \u015bwiata.<\/p>\n\n\n\n<p>Fundacj\u0119 za\u0142o\u017cyli\u015bmy w lutym 2014 roku. Wcze\u015bniej przez wiele lat wsp\u00f3\u0142pracowali\u015bmy ze sob\u0105 przy realizacji licznych kampanii i projekt\u00f3w spo\u0142ecznych, nabieraj\u0105c do\u015bwiadczenia zar\u00f3wno projektowego (fundraising, koncepcyjne przygotowywanie wniosk\u00f3w, koordynacja, sprawozdawczo\u015b\u0107), jak i merytorycznego (m.in. zmiany klimatu, zanieczyszczenie powietrza, mobilno\u015b\u0107, suwerenno\u015b\u0107 \u017cywno\u015bciowa, zasoby wodne, odpowiedzialna konsumpcja, efektywno\u015b\u0107 energetyczna).<\/p>\n\n\n\n<p>Na poziomie krajowym uczestniczymy w pracach Koalicji Klimatycznej, jeste\u015bmy cz\u0142onkiem federacji organizacji Grupa Zagranica, w\u0142\u0105czyli\u015bmy si\u0119 do ruchu Wi\u0119cej ni\u017c energia, natomiast lokalnie przyst\u0105pili\u015bmy do Komisji Dialogu Obywatelskiego ds. \u015arodowiska w Krakowie.<\/p>\n\n\n\n<p><\/p>\n\n\n\n<p><\/p>\n\n\n\n<div class=\"wp-block-columns is-layout-flex wp-container-core-columns-is-layout-9d6595d7 wp-block-columns-is-layout-flex\">\n<div class=\"wp-block-column is-layout-flow wp-block-column-is-layout-flow\" style=\"flex-basis:100%\">\n<div class=\"wp-block-columns is-layout-flex wp-container-core-columns-is-layout-9d6595d7 wp-block-columns-is-layout-flex\">\n<div class=\"wp-block-column is-layout-flow wp-block-column-is-layout-flow\" style=\"flex-basis:100%\">\n<div class=\"wp-block-group\"><div class=\"wp-block-group__inner-container is-layout-flow wp-block-group-is-layout-flow\"><\/div><\/div>\n<\/div>\n<\/div>\n<\/div>\n<\/div>","protected":false},"excerpt":{"rendered":"<p>Jeste\u015bmy organizacj\u0105 pozarz\u0105dow\u0105, o profilu edukacyjnym i badawczym, kt\u00f3rej g\u0142\u00f3wnym celem jest dzia\u0142anie na rzecz spo\u0142ecze\u0144stwa obywatelskiego i ochrony \u015brodowiska. Aktywnie wykorzystuj\u0105c metody edukacji klimatycznej, transformatywnej i globalnej, tworzymy materia\u0142y (publikacje dla nauczycieli i uczni\u00f3w, warsztaty, szkolenia) oraz dzia\u0142amy, aby [&hellip;]<\/p>\n","protected":false},"author":1,"featured_media":0,"parent":0,"menu_order":0,"comment_status":"closed","ping_status":"closed","template":"o-nas.php","meta":{"footnotes":""},"class_list":["post-2","page","type-page","status-publish","hentry"],"_links":{"self":[{"href":"https:\/\/otwartyplan.org\/en\/wp-json\/wp\/v2\/pages\/2","targetHints":{"allow":["GET"]}}],"collection":[{"href":"https:\/\/otwartyplan.org\/en\/wp-json\/wp\/v2\/pages"}],"about":[{"href":"https:\/\/otwartyplan.org\/en\/wp-json\/wp\/v2\/types\/page"}],"author":[{"embeddable":true,"href":"https:\/\/otwartyplan.org\/en\/wp-json\/wp\/v2\/users\/1"}],"replies":[{"embeddable":true,"href":"https:\/\/otwartyplan.org\/en\/wp-json\/wp\/v2\/comments?post=2"}],"version-history":[{"count":84,"href":"https:\/\/otwartyplan.org\/en\/wp-json\/wp\/v2\/pages\/2\/revisions"}],"predecessor-version":[{"id":19719,"href":"https:\/\/otwartyplan.org\/en\/wp-json\/wp\/v2\/pages\/2\/revisions\/19719"}],"wp:attachment":[{"href":"https:\/\/otwartyplan.org\/en\/wp-json\/wp\/v2\/media?parent=2"}],"curies":[{"name":"wp","href":"https:\/\/api.w.org\/{rel}","templated":true}]}}