{"id":142,"date":"2014-08-17T16:24:28","date_gmt":"2014-08-17T16:24:28","guid":{"rendered":"http:\/\/otwartyplan.org\/?page_id=142"},"modified":"2014-08-17T16:25:54","modified_gmt":"2014-08-17T16:25:54","slug":"dlaczego","status":"publish","type":"page","link":"https:\/\/otwartyplan.org\/en\/dlaczego\/","title":{"rendered":"Dlaczego Otwarty Plan?"},"content":{"rendered":"<p>Cz\u0119sto wychodzimy z za\u0142o\u017cenia, \u017ce nie mamy wp\u0142ywu na sytuacj\u0119 polityczn\u0105, spo\u0142eczn\u0105 i gospodarcz\u0105 w naszym mie\u015bcie i regionie, a co dopiero w pa\u0144stwie. W sumie nic dziwnego &#8211; widzimy, jak podejmowane s\u0105 decyzje, kt\u00f3re wp\u0142ywaj\u0105 na jako\u015b\u0107 naszego \u017cycia \u2013 daleko od nas samych, naszych potrzeb i aspiracji.<\/p>\n<p>Gdyby jednak wzi\u0105\u0107 sprawy w swoje r\u0119ce i co\u015b zmieni\u0107? W ko\u0144cu \u017cyjemy w demokratycznym kraju, w kt\u00f3rym mamy prawo g\u0142osu i wolno\u015bci obywatelskich, w kt\u00f3rym codziennie decydujemy, gdzie wydajemy nasze pieni\u0105dze, i w kt\u00f3rym przynale\u017cymy do r\u00f3\u017cnych spo\u0142eczno\u015bci. Ju\u017c to sprawia, \u017ce mo\u017cemy mie\u0107 realny wp\u0142yw na bli\u017csz\u0105 i dalsz\u0105 rzeczywisto\u015b\u0107, w jakiej \u017cyjemy.<\/p>\n<p>Zaanga\u017cowanie w sprawy, kt\u00f3re nas dotycz\u0105, to warunek zmiany. Najwi\u0119ksze z nich dokonuj\u0105 si\u0119 od podstaw \u2013 od wyrazu sprzeciwu, przeorganizowania schemat\u00f3w my\u015blenia, zach\u0119cenia innych do dzia\u0142ania, wykorzystania zasob\u00f3w, jakie mamy i wsp\u00f3lnego PLANU! Dodajmy do tego wi\u0119ksz\u0105 szczypt\u0119 pozytywnego my\u015blenia oraz poczucia humoru i do dzie\u0142a!<\/p>\n<p>Dzia\u0142aj\u0105c w Fundacji Otwarty Plan, chcemy inspirowa\u0107 siebie i innych do wsp\u00f3lnej pracy, by poprawia\u0107 jako\u015b\u0107 \u017cycia (mojego, Twojego, naszego), tam gdzie mieszkamy i pracujemy. Aby miasta by\u0142y dla ludzi i przyrody, by\u015bmy uczestniczyli w kszta\u0142towaniu przestrzeni publicznej, sami decydowali, o tym co jemy, od kogo co kupujemy, jak pozyskujemy energi\u0119, oraz wp\u0142ywali na prawo, kt\u00f3re o nas decyduje. PLAN jest OTWARTY. Ka\u017cdy mo\u017ce znale\u017a\u0107 w nim swoje miejsce!<\/p>","protected":false},"excerpt":{"rendered":"<p>Cz\u0119sto wychodzimy z za\u0142o\u017cenia, \u017ce nie mamy wp\u0142ywu na sytuacj\u0119 polityczn\u0105, spo\u0142eczn\u0105 i gospodarcz\u0105 w naszym mie\u015bcie i regionie, a co dopiero w pa\u0144stwie. W sumie nic dziwnego &#8211; widzimy, jak podejmowane s\u0105 decyzje, kt\u00f3re wp\u0142ywaj\u0105 na jako\u015b\u0107 naszego \u017cycia [&hellip;]<\/p>\n","protected":false},"author":1,"featured_media":0,"parent":0,"menu_order":0,"comment_status":"open","ping_status":"open","template":"","meta":{"footnotes":""},"class_list":["post-142","page","type-page","status-publish","hentry"],"_links":{"self":[{"href":"https:\/\/otwartyplan.org\/en\/wp-json\/wp\/v2\/pages\/142","targetHints":{"allow":["GET"]}}],"collection":[{"href":"https:\/\/otwartyplan.org\/en\/wp-json\/wp\/v2\/pages"}],"about":[{"href":"https:\/\/otwartyplan.org\/en\/wp-json\/wp\/v2\/types\/page"}],"author":[{"embeddable":true,"href":"https:\/\/otwartyplan.org\/en\/wp-json\/wp\/v2\/users\/1"}],"replies":[{"embeddable":true,"href":"https:\/\/otwartyplan.org\/en\/wp-json\/wp\/v2\/comments?post=142"}],"version-history":[{"count":3,"href":"https:\/\/otwartyplan.org\/en\/wp-json\/wp\/v2\/pages\/142\/revisions"}],"predecessor-version":[{"id":145,"href":"https:\/\/otwartyplan.org\/en\/wp-json\/wp\/v2\/pages\/142\/revisions\/145"}],"wp:attachment":[{"href":"https:\/\/otwartyplan.org\/en\/wp-json\/wp\/v2\/media?parent=142"}],"curies":[{"name":"wp","href":"https:\/\/api.w.org\/{rel}","templated":true}]}}