{"id":139,"date":"2014-08-14T12:44:35","date_gmt":"2014-08-14T12:44:35","guid":{"rendered":"http:\/\/otwartyplan.org\/?page_id=139"},"modified":"2024-11-24T20:42:30","modified_gmt":"2024-11-24T19:42:30","slug":"statut","status":"publish","type":"page","link":"https:\/\/otwartyplan.org\/en\/statut\/","title":{"rendered":"STATUT"},"content":{"rendered":"<p>Statut Fundacji Otwarty Plan<\/p>\n<p>1. Nazwa, siedziba i maj\u0105tek<\/p>\n<p>1.1. Nazwa Fundacji brzmi: Fundacja Otwarty Plan.<br \/>\n1.2. Fundacja zosta\u0142a ustanowiona przez Fundator\u00f3w aktem notarialnym sporz\u0105dzonym przez Kancelari\u0119 Notarialn\u0105 Tomasz Por\u0119bski, w Krakowie przy ul. \u015aw. Tomasza 9\/3, dnia 23.01.2014, Rep. A NR 294\/2014.<br \/>\n1.3. Fundacja prowadzi dzia\u0142alno\u015b\u0107 statutow\u0105 na terenie ca\u0142ej Rzeczpospolitej Polskiej i poza jej granicami, a siedzib\u0105 Fundacji jest miasto Krak\u00f3w.<br \/>\n1.4. Fundacja mo\u017ce posiada\u0107 oddzia\u0142y zamiejscowe.<br \/>\n1.5. Maj\u0105tek Fundacji stanowi\u0105 sk\u0142adniki wskazane w o\u015bwiadczeniu fundator\u00f3w o ustanowieniu Fundacji, a tak\u017ce \u015brodki, ruchomo\u015bci i nieruchomo\u015bci nabyte przez Fundacj\u0119 w toku dzia\u0142ania.<\/p>\n<p>2. Cele, zasady, formy i zakres dzia\u0142alno\u015bci<\/p>\n<p>2.1. Podstawowym celem Fundacji jest wspieranie, promowanie oraz inicjowanie dzia\u0142a\u0144 na rzecz zr\u00f3wnowa\u017conego rozwoju oraz budowanie spo\u0142ecze\u0144stwa obywatelskiego, w szczeg\u00f3lno\u015bci:<br \/>\n(a) dzia\u0142anie na rzecz ochrony \u015brodowiska i ekologii,<br \/>\n(b) dzia\u0142anie na rzecz wspierania i promowania zr\u00f3wnowa\u017conego rozwoju, w tym m. in. odpowiedzialnej konsumpcji, zielonej gospodarki, zr\u00f3wnowa\u017conego rolnictwa i zr\u00f3wnowa\u017conego transportu,<br \/>\n(c) prowadzenie i wspieranie r\u00f3\u017cnych form edukacji ekologicznej i globalnej,<br \/>\n(d) dzia\u0142anie na rzecz upowszechnienia oraz ochrony praw i interes\u00f3w konsument\u00f3w,<br \/>\n(e) dzia\u0142anie na rzecz zmian w przestrzeni publicznej,<br \/>\n(f) dzia\u0142anie na rzecz budowy spo\u0142ecze\u0144stwa obywatelskiego,<br \/>\n(g) dzia\u0142anie na rzecz wdra\u017cania i promocji odnawialnych \u017ar\u00f3de\u0142 energii,<br \/>\n(h) dzia\u0142anie na rzecz wsp\u00f3\u0142pracy mi\u0119dzynarodowej,<br \/>\n(i) dzia\u0142anie na rzecz tworzenia p\u0142aszczyzny do wymiany informacji i do\u015bwiadcze\u0144 w ramach ruchu ekologicznego,<br \/>\n(j) dzia\u0142anie na rzecz promocji i wsparcia wolontariatu,<br \/>\n(k) dzia\u0142anie na rzecz ochrony zdrowia, w tym przez prowadzenie edukacji prozdrowotnej,<br \/>\n(l) dzia\u0142anie na rzecz pe\u0142nego produktywnego zatrudnienia i aktywizacji zawodowej,<br \/>\n(m) dzia\u0142anie na rzecz promocji i wsparcia ekonomii spo\u0142ecznej,<br \/>\n(n) przeciwdzia\u0142anie wykluczeniu spo\u0142ecznemu,<br \/>\n(o) dzia\u0142anie na rzecz upowszechniania dost\u0119pu do kultury i sztuki,<br \/>\n(p) dzia\u0142anie na rzecz upowszechniania sportu i rekreacji,<br \/>\n(r) dzia\u0142anie na rzecz wyr\u00f3wnywania szans obszar\u00f3w wiejskich.<br \/>\n2.2. Formami dzia\u0142alno\u015bci Fundacji w ramach realizacji jej cel\u00f3w mog\u0105 by\u0107:<br \/>\n(a) szkolenia, kursy, warsztaty i spotkania dyskusyjne,<br \/>\n(b) konferencje, seminaria, debaty i sympozja,<br \/>\n(c) strony internetowe,<br \/>\n(d) szko\u0142y i plac\u00f3wki oraz pozaszkolne formy edukacji,<br \/>\n(e) dzia\u0142alno\u015b\u0107 wydawnicza, informacyjna, w tym opracowywanie materia\u0142\u00f3w edukacyjnych, r\u00f3wnie\u017c w wersji elektronicznej,<br \/>\n(f) produkcja film\u00f3w, nagra\u0144 wideo i program\u00f3w telewizyjnych,<br \/>\n(g) dzia\u0142alno\u015b\u0107 naukowo-badawcza,<br \/>\n(h) przeprowadzanie oraz sporz\u0105dzanie audyt\u00f3w, analiz i raport\u00f3w,<br \/>\n(i) organizowanie wystaw, przedstawie\u0144, pokaz\u00f3w, koncert\u00f3w,<br \/>\n(j) ustanawianie i przyznawanie nagr\u00f3d, tytu\u0142\u00f3w honorowych, certyfikat\u00f3w, stypendi\u00f3w,<br \/>\n(k) inicjowanie post\u0119powa\u0144 lub przyst\u0119powanie do post\u0119powa\u0144 tocz\u0105cych si\u0119 przed organami sprawuj\u0105cymi wymiar sprawiedliwo\u015bci, lub organami administracji publicznej w charakterze organizacji spo\u0142ecznej, w spos\u00f3b i na zasadach okre\u015blonych w przepisach powszechnie obowi\u0105zuj\u0105cego prawa,<br \/>\n(l) wsp\u00f3\u0142praca z organami pa\u0144stwowymi, organizacjami pozarz\u0105dowymi, instytucjami, osobami prawnymi lub fizycznymi; wsp\u00f3\u0142praca ta mo\u017ce mie\u0107 charakter wsp\u00f3\u0142dzia\u0142ania lub wsparcia organizacyjnego, informacyjnego, finansowego, rzeczowego lub inny,<br \/>\n(m) rzecznictwo, organizowanie konsultacji spo\u0142ecznych, petycji, interwencji do instytucji publicznych.<br \/>\n2.3. Zakres statutowej nieodp\u0142atnej dzia\u0142alno\u015bci po\u017cytku publicznego obejmuje dzia\u0142ania z par. 2 ust. 2.2 lit. a-m, za\u015b zakres odp\u0142atnej, statutowej dzia\u0142alno\u015bci po\u017cytku publicznego obejmuje dzia\u0142ania z par. ust. 2.2 lit. a-m.<br \/>\n2.4. Fundacja kieruje si\u0119 w swojej dzia\u0142alno\u015bci otwarto\u015bci\u0105 na wsp\u00f3\u0142prac\u0119 z innymi podmiotami, w tym organizacjami pozarz\u0105dowymi i instytucjami publicznymi. Fundacja mo\u017ce przyst\u0119powa\u0107 jak i zak\u0142ada\u0107 inne zrzeszenia lub organizacje, polskie lub zagraniczne.<br \/>\n2.5. Ca\u0142o\u015b\u0107 dochod\u00f3w uzyskiwanych przez Fundacj\u0119 jest przeznaczana wy\u0142\u0105cznie na dzia\u0142alno\u015b\u0107 statutow\u0105.<br \/>\n2.6. Nadz\u00f3r nad Fundacj\u0105 sprawuje minister w\u0142a\u015bciwy do spraw \u015brodowiska.<\/p>\n<p>3. Maj\u0105tek, dochody i gospodarka finansowa Fundacji<\/p>\n<p>3.1. Maj\u0105tek Fundacji stanowi\u0105:<br \/>\na) fundusz za\u0142o\u017cycielski w kwocie 1000 PLN (s\u0142ownie: tysi\u0105c z\u0142otych), na kt\u00f3ry sk\u0142adaj\u0105 si\u0119 \u015bwiadczenia pieni\u0119\u017cne Fundator\u00f3w w cz\u0119\u015bciach r\u00f3wnych,<br \/>\nb) \u015brodki finansowe, nieruchomo\u015bci i ruchomo\u015bci i inne prawa maj\u0105tkowe, nabyte przez Fundacj\u0119 w toku jej dzia\u0142ania poprzez:<br \/>\n&#8211; dotacje, subwencje, granty,<br \/>\n&#8211; darowizny, spadki i zapisy,<br \/>\n&#8211; dochody z maj\u0105tku nieruchomego i ruchomego oraz praw maj\u0105tkowych, przekazanych fundacji odp\u0142atnie b\u0105d\u017a nieodp\u0142atnie, oraz odsetek od zgromadzonych \u015brodk\u00f3w finansowych,<br \/>\n&#8211; odp\u0142atn\u0105 dzia\u0142alno\u015b\u0107 po\u017cytku publicznego,<br \/>\n&#8211; zbi\u00f3rki publiczne i loterie fantowe,<br \/>\n&#8211; nawi\u0105zki i \u015bwiadczenia pieni\u0119\u017cne zas\u0105dzonych na rzecz Fundacji przez s\u0105d.<br \/>\n3.2. Zabronione w Fundacji jest:<br \/>\na) udzielanie po\u017cyczek lub zabezpieczanie zobowi\u0105za\u0144 maj\u0105tkiem Fundacji w stosunku do jej Fundator\u00f3w, cz\u0142onk\u00f3w\/cz\u0142onki\u0144 organ\u00f3w lub pracownik\u00f3w\/pracowniczek oraz os\u00f3b, z kt\u00f3rymi Fundatorzy, cz\u0142onkowie\/cz\u0142onkinie organ\u00f3w oraz pracownicy\/pracowniczki pozostaj\u0105 w zwi\u0105zku ma\u0142\u017ce\u0144skim, we wsp\u00f3lnym po\u017cyciu albo w stosunku pokrewie\u0144stwa lub powinowactwa w linii prostej, pokrewie\u0144stwa lub powinowactwa w linii bocznej do drugiego stopnia albo s\u0105 zwi\u0105zani\/zwi\u0105zane z tytu\u0142u przysposobienia, opieki lub kurateli, zwanych dalej \u201eosobami bliskimi\u201d,<br \/>\nb) przekazywanie maj\u0105tku Fundacji na rzecz Fundator\u00f3w, cz\u0142onk\u00f3w\/cz\u0142onki\u0144 organ\u00f3w lub pracownik\u00f3w\/pracowniczek oraz ich os\u00f3b bliskich, na zasadach innych ni\u017c w stosunku do os\u00f3b trzecich, w szczeg\u00f3lno\u015bci je\u017celi przekazanie to nast\u0119puje bezp\u0142atnie lub na preferencyjnych warunkach,<br \/>\nc) wykorzystywanie maj\u0105tku na rzecz Fundator\u00f3w, cz\u0142onk\u00f3w\/cz\u0142onki\u0144 organ\u00f3w lub pracownik\u00f3w\/pracowniczek oraz ich os\u00f3b bliskich na zasadach innych ni\u017c w stosunku do os\u00f3b trzecich, chyba \u017ce to wykorzystanie bezpo\u015brednio wynika ze statutowego celu Fundacji,<br \/>\nd) zakup na szczeg\u00f3lnych zasadach towar\u00f3w lub us\u0142ug od podmiot\u00f3w, w kt\u00f3rych uczestnicz\u0105 Fundatorzy lub uczestnicz\u0105 cz\u0142onkowie\/cz\u0142onkinie organ\u00f3w Fundacji lub pracownicy\/pracowniczki oraz ich os\u00f3b bliskich, na zasadach innych ni\u017c w stosunku do os\u00f3b trzecich lub po cenach wy\u017cszych ni\u017c rynkowe.<\/p>\n<p>4. Organy<\/p>\n<p>4.1. Organami Fundacji s\u0105:<br \/>\na) Zarz\u0105d<br \/>\n4.2. Sk\u0142ad Zarz\u0105du stanowi\u0105 cz\u0142onkowie Zarz\u0105du w liczbie od jeden do trzech.<br \/>\n4.3. Cz\u0142onkami Zarz\u0105du nie mog\u0105 by\u0107 osoby skazane prawomocnym wyrokiem za przest\u0119pstwo umy\u015blne \u015bcigane z oskar\u017cenia publicznego lub przest\u0119pstwo skarbowe.<br \/>\n4.4. W trakcie trwania kadencji mandat cz\u0142onka Zarz\u0105du wygasa na skutek:<br \/>\na) pisemnego zrzeczenia si\u0119,<br \/>\nb) \u015bmierci,<br \/>\nc) uchwa\u0142y odwo\u0142uj\u0105cej cz\u0142onka Zarz\u0105du, podj\u0119tej jednomy\u015blnie przez wszystkich pozosta\u0142ych cz\u0142onk\u00f3w Zarz\u0105du.<br \/>\n4.5. Osoba sprawuj\u0105ca mandat cz\u0142onka Zarz\u0105du mo\u017ce by\u0107 pracownikiem lub wsp\u00f3\u0142pracownikiem Fundacji, je\u015bli zakres \u015bwiadczonych odp\u0142atnie us\u0142ug lub pracy nie wkracza w oczywisty spos\u00f3b w zakres funkcji cz\u0142onka Zarz\u0105du.<br \/>\n4.6. Pierwszy sk\u0142ad Zarz\u0105du powo\u0142uj\u0105 Fundatorzy w akcie za\u0142o\u017cycielskim Fundacji. Kolejne sk\u0142ady powo\u0142ywane s\u0105 przez Zarz\u0105d w formie uchwa\u0142y.<br \/>\n4.7. Zarz\u0105d realizuje cele statutowe Fundacji, kieruje jej dzia\u0142alno\u015bci\u0105, prowadzi jej sprawy i reprezentuje Fundacj\u0119 na zewn\u0105trz. Do zada\u0144 Zarz\u0105du nale\u017cy w szczeg\u00f3lno\u015bci:<br \/>\na) wyznaczanie g\u0142\u00f3wnych kierunk\u00f3w dzia\u0142ania Fundacji,<br \/>\nb) uchwalanie i zatwierdzanie program\u00f3w, plan\u00f3w i projekt\u00f3w dzia\u0142a\u0144,<br \/>\nc) uchwalanie plan\u00f3w finansowych Fundacji,<br \/>\nd) prowadzenie i kierowanie bie\u017c\u0105cymi sprawami i dzia\u0142alno\u015bci\u0105 Fundacji,<br \/>\ne) sprawowanie zarz\u0105du nad maj\u0105tkiem i prowadzenie gospodarki finansowej Fundacji zgodnie ze Statutem i regulaminem finansowym Fundacji,<br \/>\nf) pozyskiwanie \u015brodk\u00f3w na dzia\u0142alno\u015b\u0107 Fundacji,<br \/>\ng) sporz\u0105dzanie okresowych sprawozda\u0144 z dzia\u0142alno\u015bci Fundacji i ich zatwierdzanie,<br \/>\nh) uchwalanie regulamin\u00f3w,<br \/>\ni) uchwalanie zmian w Statucie,<br \/>\nj) powo\u0142ywanie i odwo\u0142ywanie cz\u0142onk\u00f3w Zarz\u0105du,<br \/>\nk) nawi\u0105zywanie stosunku prawnego z pracownikami Fundacji i ustalanie zasad i wysoko\u015bci wynagrodze\u0144 oraz zwrotu koszt\u00f3w i innych gratyfikacji dla pracownik\u00f3w Fundacji,<br \/>\nl) podejmowanie decyzji o przyst\u0105pieniu lub wyst\u0105pieniu Fundacji do lub z zrzesze\u0144 lub innych organizacji,<br \/>\nm) podejmowanie decyzji o likwidacji Fundacji i przeznaczeniu pozosta\u0142ego maj\u0105tku,<br \/>\nn) dope\u0142nianie obowi\u0105zk\u00f3w Fundacji wynikaj\u0105cych z przepis\u00f3w powszechnie obowi\u0105zuj\u0105cego prawa,<br \/>\no) realizowanie podj\u0119tych uchwa\u0142 i postanowie\u0144 Statutu Fundacji.<br \/>\n4.8. Posiedzenia Zarz\u0105du odbywaj\u0105 si\u0119 w miar\u0119 potrzeb, jednak nie rzadziej ni\u017c raz na kwarta\u0142.<br \/>\n4.9. Posiedzenie Zarz\u0105du mo\u017ce zwo\u0142a\u0107 ka\u017cdy cz\u0142onek Zarz\u0105du. Musi powiadomi\u0107 o tym pozosta\u0142ych cz\u0142onk\u00f3w Zarz\u0105du ze stosownym wyprzedzeniem (nie p\u00f3\u017aniej ni\u017c 7 dni przed terminem posiedzenia) umo\u017cliwiaj\u0105cym udzia\u0142, przy u\u017cyciu co najmniej dw\u00f3ch \u015brodk\u00f3w komunikacji indywidualnej.<br \/>\n4.10. Uchwa\u0142y Zarz\u0105du s\u0105 podejmowane zwyk\u0142\u0105 wi\u0119kszo\u015bci\u0105 g\u0142os\u00f3w, oddanych w obecno\u015bci nie mniej ni\u017c po\u0142owy cz\u0142onk\u00f3w Zarz\u0105du, o ile postanowienia Statutu nie stanowi\u0105 inaczej. Ka\u017cdy cz\u0142onek Zarz\u0105du ma jeden g\u0142os.<br \/>\n4.11. Cz\u0142onkowie Zarz\u0105du, na pocz\u0105tku ka\u017cdego posiedzenia, mog\u0105 wybra\u0107 spo\u015br\u00f3d siebie przewodnicz\u0105cego posiedzenia Zarz\u0105du. Przewodnicz\u0105cy posiedzenia przewodniczy mu i przeprowadza g\u0142osowania.<br \/>\n4.12. Reprezentowanie Fundacji na zewn\u0105trz oraz czynno\u015bci w ramach prowadzenia spraw Fundacji mo\u017ce wykonywa\u0107 ka\u017cdy cz\u0142onek Zarz\u0105du samodzielnie z zastrze\u017ceniem ust. 4.13.<br \/>\n4.13. Do sk\u0142adania o\u015bwiadcze\u0144 woli w sprawach maj\u0105tkowych w imieniu Fundacji upowa\u017cniony jest ka\u017cdy cz\u0142onek Zarz\u0105du jednoosobowo z zastrze\u017ceniem ust. 4.14.<br \/>\n4.14. W sprawach zaci\u0105gania zobowi\u0105za\u0144 maj\u0105tkowych powy\u017cej kwoty 1000 PLN (s\u0142ownie: tysi\u0105c z\u0142otych) oraz udzielania pe\u0142nomocnictw wymagane jest wsp\u00f3\u0142dzia\u0142anie co najmniej dw\u00f3ch cz\u0142onk\u00f3w Zarz\u0105du.<\/p>\n<p>5. Zmiana Statutu<\/p>\n<p>5.1. Zmiana w Statucie mo\u017ce dotyczy\u0107 ka\u017cdego postanowienia Statutu, w tym r\u00f3wnie\u017c cel\u00f3w Fundacji.<br \/>\n5.2. Zmiany Statutu dokonuje Zarz\u0105d uchwa\u0142\u0105, podejmowan\u0105 jednomy\u015blnie przez ponad po\u0142ow\u0119 sk\u0142adu Zarz\u0105du.<\/p>\n<p>6. Postanowienia ko\u0144cowe i przej\u015bciowe<\/p>\n<p>6.1. Fundacja mo\u017ce ustanawia\u0107 i przyznawa\u0107 odznaki, medale, tytu\u0142y honorowe, nagrody<br \/>\ni inne wyr\u00f3\u017cnienia osobom fizycznym, osobom prawnym, \u015brodowiskom, organizacjom, instytucjom i innym podmiotom zas\u0142u\u017conym dla cel\u00f3w obranych przez Fundacj\u0119 lub dla samej Fundacji.<br \/>\n6.2. Wyr\u00f3\u017cnienia, zasady oraz tryb ich przyznawania okre\u015bla Zarz\u0105d.<br \/>\n6.3. O likwidacji Fundacji decyduje Zarz\u0105d, w uchwale podj\u0119tej jednomy\u015blnie, przez ca\u0142y sk\u0142ad Zarz\u0105du.<br \/>\n6.4. Likwidatorem Fundacji jest Zarz\u0105d.<br \/>\n6.5. Zarz\u0105d w drodze uchwa\u0142y oznacza organizacj\u0119 lub organizacje, o celach zbie\u017cnych lub podobnych do Fundacji, kt\u00f3rym przeka\u017ce \u015brodki maj\u0105tkowe pozosta\u0142e po przeprowadzeniu likwidacji Fundacji, po wcze\u015bniejszym zaspokojeniu wszystkich wierzytelno\u015bci.<br \/>\n6.6. W wypadku osi\u0105gni\u0119cia przez Fundacj\u0119 przychodu 1 000 000 PLN (s\u0142ownie: milion z\u0142otych) powo\u0142ana zostanie Rada Fundator\u00f3w poprzez odpowiedni\u0105 zmian\u0119 Statutu.<br \/>\n6.7. Tekst jednolity Statutu sporz\u0105dzono w Krakowie, dnia 23 stycznia 2014 r.<\/p>","protected":false},"excerpt":{"rendered":"<p>Statut Fundacji Otwarty Plan 1. Nazwa, siedziba i maj\u0105tek 1.1. Nazwa Fundacji brzmi: Fundacja Otwarty Plan. 1.2. Fundacja zosta\u0142a ustanowiona przez Fundator\u00f3w aktem notarialnym sporz\u0105dzonym przez Kancelari\u0119 Notarialn\u0105 Tomasz Por\u0119bski, w Krakowie przy ul. \u015aw. Tomasza 9\/3, dnia 23.01.2014, Rep. [&hellip;]<\/p>\n","protected":false},"author":1,"featured_media":0,"parent":0,"menu_order":0,"comment_status":"open","ping_status":"open","template":"statut.php","meta":{"footnotes":""},"class_list":["post-139","page","type-page","status-publish","hentry"],"_links":{"self":[{"href":"https:\/\/otwartyplan.org\/en\/wp-json\/wp\/v2\/pages\/139","targetHints":{"allow":["GET"]}}],"collection":[{"href":"https:\/\/otwartyplan.org\/en\/wp-json\/wp\/v2\/pages"}],"about":[{"href":"https:\/\/otwartyplan.org\/en\/wp-json\/wp\/v2\/types\/page"}],"author":[{"embeddable":true,"href":"https:\/\/otwartyplan.org\/en\/wp-json\/wp\/v2\/users\/1"}],"replies":[{"embeddable":true,"href":"https:\/\/otwartyplan.org\/en\/wp-json\/wp\/v2\/comments?post=139"}],"version-history":[{"count":7,"href":"https:\/\/otwartyplan.org\/en\/wp-json\/wp\/v2\/pages\/139\/revisions"}],"predecessor-version":[{"id":3375,"href":"https:\/\/otwartyplan.org\/en\/wp-json\/wp\/v2\/pages\/139\/revisions\/3375"}],"wp:attachment":[{"href":"https:\/\/otwartyplan.org\/en\/wp-json\/wp\/v2\/media?parent=139"}],"curies":[{"name":"wp","href":"https:\/\/api.w.org\/{rel}","templated":true}]}}